{"id":1245,"date":"2024-05-01T13:44:35","date_gmt":"2024-05-01T10:44:35","guid":{"rendered":"https:\/\/elektronikmenu.org\/new\/?page_id=1245"},"modified":"2025-02-11T18:06:26","modified_gmt":"2025-02-11T15:06:26","slug":"bireysel-websitesi-tasarimi","status":"publish","type":"page","link":"https:\/\/www.internetsitemiz.com\/es\/web-tasarimi\/bireysel-websitesi-tasarimi\/","title":{"rendered":"Bireysel Websitesi Tasar\u0131m\u0131"},"content":{"rendered":"<div data-elementor-type=\"wp-page\" data-elementor-id=\"1245\" class=\"elementor elementor-1245\">\n\t\t\t\t<div class=\"wpr-parallax-multi-layer\" scalar-speed=\"10\" direction=\"no\" style=\"overflow: hidden;\"><div data-depth=\"0.4\" style-top=\"12%\" style-left=\"60%\" class=\"wpr-parallax-ml-children elementor-repeater-item-471af14\"><img decoding=\"async\" src=\"https:\/\/www.internetsitemiz.com\/wp-content\/uploads\/2023\/04\/rectangle-1.png\"><\/div><div data-depth=\"0.4\" style-top=\"72%\" style-left=\"20%\" class=\"wpr-parallax-ml-children elementor-repeater-item-acf2ce0\"><img decoding=\"async\" src=\"https:\/\/www.internetsitemiz.com\/wp-content\/uploads\/2023\/04\/Polygon-1.png\"><\/div><\/div>\t\t<section class=\"elementor-section elementor-top-section elementor-element elementor-element-eaff33e wpr-parallax-yes elementor-section-boxed elementor-section-height-default elementor-section-height-default wpr-particle-no wpr-jarallax-no wpr-sticky-section-no\" data-id=\"eaff33e\" data-element_type=\"section\" data-settings=\"{&quot;background_background&quot;:&quot;gradient&quot;}\">\n\t\t\t\t\t\t\t<div class=\"elementor-background-overlay\"><\/div>\n\t\t\t\t\t\t\t<div class=\"elementor-container elementor-column-gap-default\">\n\t\t\t\t\t<div class=\"elementor-column elementor-col-100 elementor-top-column elementor-element elementor-element-c932e84\" data-id=\"c932e84\" data-element_type=\"column\">\n\t\t\t<div class=\"elementor-widget-wrap elementor-element-populated\">\n\t\t\t\t\t\t<div class=\"elementor-element elementor-element-c83b07e elementor-widget elementor-widget-heading\" data-id=\"c83b07e\" data-element_type=\"widget\" data-widget_type=\"heading.default\">\n\t\t\t\t<div class=\"elementor-widget-container\">\n\t\t\t<style>\/*! elementor - v3.22.0 - 26-06-2024 *\/\n.elementor-heading-title{padding:0;margin:0;line-height:1}.elementor-widget-heading .elementor-heading-title[class*=elementor-size-]>a{color:inherit;font-size:inherit;line-height:inherit}.elementor-widget-heading .elementor-heading-title.elementor-size-small{font-size:15px}.elementor-widget-heading .elementor-heading-title.elementor-size-medium{font-size:19px}.elementor-widget-heading .elementor-heading-title.elementor-size-large{font-size:29px}.elementor-widget-heading .elementor-heading-title.elementor-size-xl{font-size:39px}.elementor-widget-heading .elementor-heading-title.elementor-size-xxl{font-size:59px}<\/style><h1 class=\"elementor-heading-title elementor-size-default\">Bireysel Website Tasar\u0131m\u0131<\/h1>\t\t<\/div>\n\t\t\t\t<\/div>\n\t\t\t\t\t<\/div>\n\t\t<\/div>\n\t\t\t\t\t<\/div>\n\t\t<\/section>\n\t\t\t\t<section class=\"elementor-section elementor-top-section elementor-element elementor-element-97e2d39 elementor-section-boxed elementor-section-height-default elementor-section-height-default wpr-particle-no wpr-jarallax-no wpr-parallax-no wpr-sticky-section-no\" data-id=\"97e2d39\" data-element_type=\"section\">\n\t\t\t\t\t\t<div class=\"elementor-container elementor-column-gap-wide\">\n\t\t\t\t\t<div class=\"elementor-column elementor-col-50 elementor-top-column elementor-element elementor-element-b09a974\" data-id=\"b09a974\" data-element_type=\"column\">\n\t\t\t<div class=\"elementor-widget-wrap elementor-element-populated\">\n\t\t\t\t\t\t<div class=\"elementor-element elementor-element-678f2e8 elementor-widget elementor-widget-image\" data-id=\"678f2e8\" data-element_type=\"widget\" data-widget_type=\"image.default\">\n\t\t\t\t<div class=\"elementor-widget-container\">\n\t\t\t<style>\/*! elementor - v3.22.0 - 26-06-2024 *\/\n.elementor-widget-image{text-align:center}.elementor-widget-image a{display:inline-block}.elementor-widget-image a img[src$=\".svg\"]{width:48px}.elementor-widget-image img{vertical-align:middle;display:inline-block}<\/style>\t\t\t\t\t\t\t\t\t\t<img fetchpriority=\"high\" decoding=\"async\" width=\"932\" height=\"779\" src=\"https:\/\/www.internetsitemiz.com\/wp-content\/uploads\/2023\/04\/Illustration-2.jpg\" class=\"attachment-large size-large wp-image-1098\" alt=\"website tasar\u0131m\u0131\" srcset=\"https:\/\/www.internetsitemiz.com\/wp-content\/uploads\/2023\/04\/Illustration-2.jpg 932w, https:\/\/www.internetsitemiz.com\/wp-content\/uploads\/2023\/04\/Illustration-2-300x251.jpg 300w, https:\/\/www.internetsitemiz.com\/wp-content\/uploads\/2023\/04\/Illustration-2-768x642.jpg 768w\" sizes=\"(max-width: 932px) 100vw, 932px\" \/>\t\t\t\t\t\t\t\t\t\t\t\t\t<\/div>\n\t\t\t\t<\/div>\n\t\t\t\t\t<\/div>\n\t\t<\/div>\n\t\t\t\t<div class=\"elementor-column elementor-col-50 elementor-top-column elementor-element elementor-element-2d358bf\" data-id=\"2d358bf\" data-element_type=\"column\">\n\t\t\t<div class=\"elementor-widget-wrap elementor-element-populated\">\n\t\t\t\t\t\t<div class=\"elementor-element elementor-element-a0aad9d elementor-widget elementor-widget-heading\" data-id=\"a0aad9d\" data-element_type=\"widget\" data-widget_type=\"heading.default\">\n\t\t\t\t<div class=\"elementor-widget-container\">\n\t\t\t<h2 class=\"elementor-heading-title elementor-size-default\">Kendinizi \u00c7evrimi\u00e7i Olarak Tan\u0131tman\u0131n En \u0130yi Yolu<\/h2>\t\t<\/div>\n\t\t\t\t<\/div>\n\t\t\t\t<div class=\"elementor-element elementor-element-a1e23e5 elementor-widget elementor-widget-heading\" data-id=\"a1e23e5\" data-element_type=\"widget\" data-widget_type=\"heading.default\">\n\t\t\t\t<div class=\"elementor-widget-container\">\n\t\t\t<h2 class=\"elementor-heading-title elementor-size-default\">Ki\u015fisel Websitesi Tasar\u0131m<\/h2>\t\t<\/div>\n\t\t\t\t<\/div>\n\t\t\t\t<div class=\"elementor-element elementor-element-cace139 elementor-widget elementor-widget-text-editor\" data-id=\"cace139\" data-element_type=\"widget\" data-widget_type=\"text-editor.default\">\n\t\t\t\t<div class=\"elementor-widget-container\">\n\t\t\t<style>\/*! elementor - v3.22.0 - 26-06-2024 *\/\n.elementor-widget-text-editor.elementor-drop-cap-view-stacked .elementor-drop-cap{background-color:#69727d;color:#fff}.elementor-widget-text-editor.elementor-drop-cap-view-framed .elementor-drop-cap{color:#69727d;border:3px solid;background-color:transparent}.elementor-widget-text-editor:not(.elementor-drop-cap-view-default) .elementor-drop-cap{margin-top:8px}.elementor-widget-text-editor:not(.elementor-drop-cap-view-default) .elementor-drop-cap-letter{width:1em;height:1em}.elementor-widget-text-editor .elementor-drop-cap{float:left;text-align:center;line-height:1;font-size:50px}.elementor-widget-text-editor .elementor-drop-cap-letter{display:inline-block}<\/style>\t\t\t\t<p>Ki\u015fisel bir web sitesi, dijital d\u00fcnyada kendinizi tan\u0131tman\u0131n ve yeteneklerinizi sergilemenin harika bir yoludur. Teknoloji dijital ajans\u0131 olarak, dijital \u00e7\u00f6z\u00fcmler sunan firmam\u0131z, ki\u015fisel web sitelerinin \u00f6nemini ve nas\u0131l ba\u015far\u0131l\u0131 bir \u015fekilde tasarlanabilece\u011fini bilmektedir. \u0130\u015fte ki\u015fisel websitesi tasar\u0131m\u0131n\u0131n \u00f6nemi ve firmam\u0131z\u0131n sundu\u011fu \u00e7\u00f6z\u00fcmler<\/p>\t\t\t\t\t\t<\/div>\n\t\t\t\t<\/div>\n\t\t\t\t<div class=\"elementor-element elementor-element-2e0667b wpr-feature-list-left wpr-feature-list-square wpr-feature-list-line-yes elementor-widget elementor-widget-wpr-feature-list\" data-id=\"2e0667b\" data-element_type=\"widget\" data-widget_type=\"wpr-feature-list.default\">\n\t\t\t\t<div class=\"elementor-widget-container\">\n\t\t\t<div class=\"wpr-feature-list-wrap\"><ul class=\"wpr-feature-list\"><li class=\"wpr-feature-list-item elementor-repeater-item-c7e72ad\"><div class=\"wpr-feature-list-icon-wrap\"><span class=\"wpr-feature-list-line\"><\/span><div class=\"wpr-feature-list-icon-inner-wrap\"><i aria-hidden=\"true\" class=\"fas fa-rocket\"><\/i><\/div><\/div><div class=\"wpr-feature-list-content-wrap\"><h2 class=\"wpr-feature-list-title\"><a class=\"wpr-feature-list-url\" target=\"_blank\" rel=\"nofollow\">Dijital Tan\u0131t\u0131m <\/a><\/h2><p class=\"wpr-feature-list-description\">Ki\u015fisel bir web sitesi, sizin hakk\u0131n\u0131zda \u00f6nemli bilgileri ve yeteneklerinizi payla\u015fman\u0131n ideal bir yoludur. \u00d6zge\u00e7mi\u015finiz, portf\u00f6y\u00fcn\u00fcz, referanslar\u0131n\u0131z ve ileti\u015fim bilgileriniz gibi bilgileri i\u00e7eren bir web sitesi, potansiyel i\u015fverenlere veya m\u00fc\u015fterilere profesyonel bir izlenim sunar.<\/p><\/div><\/li><li class=\"wpr-feature-list-item elementor-repeater-item-1d535be\"><div class=\"wpr-feature-list-icon-wrap\"><span class=\"wpr-feature-list-line\"><\/span><div class=\"wpr-feature-list-icon-inner-wrap\"><i aria-hidden=\"true\" class=\"far fa-flag\"><\/i><\/div><\/div><div class=\"wpr-feature-list-content-wrap\"><h2 class=\"wpr-feature-list-title\"><a class=\"wpr-feature-list-url\" target=\"_blank\" rel=\"nofollow\">\u00d6zelle\u015ftirilmi\u015f Tasar\u0131m<\/a><\/h2><p class=\"wpr-feature-list-description\">Firmam\u0131z, ki\u015fisel web sitenizi tamamen size \u00f6zel olarak tasarlayabilir. Markan\u0131z\u0131n renklerini ve logosunu kullanarak benzersiz bir tasar\u0131m olu\u015fturabiliriz. Ayr\u0131ca, kullan\u0131c\u0131 dostu bir aray\u00fcz ve sezgisel navigasyon ile web sitenizin ziyaret\u00e7ilere etkileyici bir deneyim sunmas\u0131n\u0131 sa\u011flar\u0131z.<\/p><\/div><\/li><li class=\"wpr-feature-list-item elementor-repeater-item-f664ce5\"><div class=\"wpr-feature-list-icon-wrap\"><span class=\"wpr-feature-list-line\"><\/span><div class=\"wpr-feature-list-icon-inner-wrap\"><i aria-hidden=\"true\" class=\"fas fa-grip-lines-vertical\"><\/i><\/div><\/div><div class=\"wpr-feature-list-content-wrap\"><h2 class=\"wpr-feature-list-title\"><a class=\"wpr-feature-list-url\" target=\"_blank\" rel=\"nofollow\">Mobil Uyumlu Tasar\u0131m<\/a><\/h2><p class=\"wpr-feature-list-description\">Ki\u015fisel web sitenizin mobil cihazlarda da m\u00fckemmel g\u00f6r\u00fcnmesini sa\u011flamak i\u00e7in mobil uyumlu bir tasar\u0131m sunuyoruz. Bu, potansiyel i\u015fverenler veya m\u00fc\u015fterilerin herhangi bir cihazdan kolayca eri\u015febilmesini sa\u011flar ve profesyonel bir izlenim b\u0131rak\u0131r.<\/p><\/div><\/li><\/ul><\/div>\t\t<\/div>\n\t\t\t\t<\/div>\n\t\t\t\t\t<\/div>\n\t\t<\/div>\n\t\t\t\t\t<\/div>\n\t\t<\/section>\n\t\t\t\t<section class=\"elementor-section elementor-top-section elementor-element elementor-element-22ddf3d elementor-section-boxed elementor-section-height-default elementor-section-height-default wpr-particle-no wpr-jarallax-no wpr-parallax-no wpr-sticky-section-no\" data-id=\"22ddf3d\" data-element_type=\"section\" data-settings=\"{&quot;background_background&quot;:&quot;classic&quot;}\">\n\t\t\t\t\t\t<div class=\"elementor-container elementor-column-gap-default\">\n\t\t\t\t\t<div class=\"elementor-column elementor-col-100 elementor-top-column elementor-element elementor-element-586e073\" data-id=\"586e073\" data-element_type=\"column\">\n\t\t\t<div class=\"elementor-widget-wrap elementor-element-populated\">\n\t\t\t\t\t\t<div class=\"elementor-element elementor-element-40526e7 elementor-widget elementor-widget-heading\" data-id=\"40526e7\" data-element_type=\"widget\" data-widget_type=\"heading.default\">\n\t\t\t\t<div class=\"elementor-widget-container\">\n\t\t\t<h2 class=\"elementor-heading-title elementor-size-default\">Bireysel Websitesi Tasar\u0131m\u0131<\/h2>\t\t<\/div>\n\t\t\t\t<\/div>\n\t\t\t\t<div class=\"elementor-element elementor-element-3dde8c4 elementor-widget elementor-widget-heading\" data-id=\"3dde8c4\" data-element_type=\"widget\" data-widget_type=\"heading.default\">\n\t\t\t\t<div class=\"elementor-widget-container\">\n\t\t\t<h2 class=\"elementor-heading-title elementor-size-default\">G\u00fcvenilir ve Profesyonel Hizmet\n<\/h2>\t\t<\/div>\n\t\t\t\t<\/div>\n\t\t\t\t<div class=\"elementor-element elementor-element-4f927e6 elementor-widget elementor-widget-text-editor\" data-id=\"4f927e6\" data-element_type=\"widget\" data-widget_type=\"text-editor.default\">\n\t\t\t\t<div class=\"elementor-widget-container\">\n\t\t\t\t\t\t\t<p>Teknoloji dijital ajans\u0131 olarak, ki\u015fisel web sitenizin g\u00fcvenilirli\u011fini ve profesyonelli\u011fini garanti alt\u0131na al\u0131yoruz. Uzman ekibimiz, web sitenizin ihtiya\u00e7lar\u0131n\u0131 anlayarak, h\u0131zl\u0131 ve etkili bir \u015fekilde \u00e7al\u0131\u015f\u0131r ve web sitenizin en iyi \u015fekilde temsil edilmesini sa\u011flar.<\/p><p>Ki\u015fisel bir web sitesi, sizin dijital kimli\u011finizin merkezi olabilir. elektronikmenu.org olarak size sundu\u011fu profesyonel tasar\u0131m ve \u00e7\u00f6z\u00fcmlerle, dijital varl\u0131\u011f\u0131n\u0131z\u0131 g\u00fc\u00e7lendirebilir ve kendinizi \u00e7evrimi\u00e7i olarak en iyi \u015fekilde tan\u0131tabilirsiniz.<\/p>\t\t\t\t\t\t<\/div>\n\t\t\t\t<\/div>\n\t\t\t\t\t<\/div>\n\t\t<\/div>\n\t\t\t\t\t<\/div>\n\t\t<\/section>\n\t\t\t\t<section class=\"elementor-section elementor-top-section elementor-element elementor-element-a173e45 elementor-section-boxed elementor-section-height-default elementor-section-height-default wpr-particle-no wpr-jarallax-no wpr-parallax-no wpr-sticky-section-no\" data-id=\"a173e45\" data-element_type=\"section\">\n\t\t\t\t\t\t<div class=\"elementor-container elementor-column-gap-default\">\n\t\t\t\t\t<div class=\"elementor-column elementor-col-100 elementor-top-column elementor-element elementor-element-de6e462\" data-id=\"de6e462\" data-element_type=\"column\">\n\t\t\t<div class=\"elementor-widget-wrap elementor-element-populated\">\n\t\t\t\t\t\t<div class=\"elementor-element elementor-element-58724be elementor-widget-divider--view-line elementor-widget elementor-widget-divider\" data-id=\"58724be\" data-element_type=\"widget\" data-widget_type=\"divider.default\">\n\t\t\t\t<div class=\"elementor-widget-container\">\n\t\t\t<style>\/*! elementor - v3.22.0 - 26-06-2024 *\/\n.elementor-widget-divider{--divider-border-style:none;--divider-border-width:1px;--divider-color:#0c0d0e;--divider-icon-size:20px;--divider-element-spacing:10px;--divider-pattern-height:24px;--divider-pattern-size:20px;--divider-pattern-url:none;--divider-pattern-repeat:repeat-x}.elementor-widget-divider .elementor-divider{display:flex}.elementor-widget-divider .elementor-divider__text{font-size:15px;line-height:1;max-width:95%}.elementor-widget-divider .elementor-divider__element{margin:0 var(--divider-element-spacing);flex-shrink:0}.elementor-widget-divider .elementor-icon{font-size:var(--divider-icon-size)}.elementor-widget-divider .elementor-divider-separator{display:flex;margin:0;direction:ltr}.elementor-widget-divider--view-line_icon .elementor-divider-separator,.elementor-widget-divider--view-line_text .elementor-divider-separator{align-items:center}.elementor-widget-divider--view-line_icon .elementor-divider-separator:after,.elementor-widget-divider--view-line_icon .elementor-divider-separator:before,.elementor-widget-divider--view-line_text .elementor-divider-separator:after,.elementor-widget-divider--view-line_text .elementor-divider-separator:before{display:block;content:\"\";border-block-end:0;flex-grow:1;border-block-start:var(--divider-border-width) var(--divider-border-style) var(--divider-color)}.elementor-widget-divider--element-align-left .elementor-divider .elementor-divider-separator>.elementor-divider__svg:first-of-type{flex-grow:0;flex-shrink:100}.elementor-widget-divider--element-align-left .elementor-divider-separator:before{content:none}.elementor-widget-divider--element-align-left .elementor-divider__element{margin-left:0}.elementor-widget-divider--element-align-right .elementor-divider .elementor-divider-separator>.elementor-divider__svg:last-of-type{flex-grow:0;flex-shrink:100}.elementor-widget-divider--element-align-right .elementor-divider-separator:after{content:none}.elementor-widget-divider--element-align-right .elementor-divider__element{margin-right:0}.elementor-widget-divider--element-align-start .elementor-divider .elementor-divider-separator>.elementor-divider__svg:first-of-type{flex-grow:0;flex-shrink:100}.elementor-widget-divider--element-align-start .elementor-divider-separator:before{content:none}.elementor-widget-divider--element-align-start .elementor-divider__element{margin-inline-start:0}.elementor-widget-divider--element-align-end .elementor-divider .elementor-divider-separator>.elementor-divider__svg:last-of-type{flex-grow:0;flex-shrink:100}.elementor-widget-divider--element-align-end .elementor-divider-separator:after{content:none}.elementor-widget-divider--element-align-end .elementor-divider__element{margin-inline-end:0}.elementor-widget-divider:not(.elementor-widget-divider--view-line_text):not(.elementor-widget-divider--view-line_icon) .elementor-divider-separator{border-block-start:var(--divider-border-width) var(--divider-border-style) var(--divider-color)}.elementor-widget-divider--separator-type-pattern{--divider-border-style:none}.elementor-widget-divider--separator-type-pattern.elementor-widget-divider--view-line .elementor-divider-separator,.elementor-widget-divider--separator-type-pattern:not(.elementor-widget-divider--view-line) .elementor-divider-separator:after,.elementor-widget-divider--separator-type-pattern:not(.elementor-widget-divider--view-line) .elementor-divider-separator:before,.elementor-widget-divider--separator-type-pattern:not([class*=elementor-widget-divider--view]) .elementor-divider-separator{width:100%;min-height:var(--divider-pattern-height);-webkit-mask-size:var(--divider-pattern-size) 100%;mask-size:var(--divider-pattern-size) 100%;-webkit-mask-repeat:var(--divider-pattern-repeat);mask-repeat:var(--divider-pattern-repeat);background-color:var(--divider-color);-webkit-mask-image:var(--divider-pattern-url);mask-image:var(--divider-pattern-url)}.elementor-widget-divider--no-spacing{--divider-pattern-size:auto}.elementor-widget-divider--bg-round{--divider-pattern-repeat:round}.rtl .elementor-widget-divider .elementor-divider__text{direction:rtl}.e-con-inner>.elementor-widget-divider,.e-con>.elementor-widget-divider{width:var(--container-widget-width,100%);--flex-grow:var(--container-widget-flex-grow)}<\/style>\t\t<div class=\"elementor-divider\">\n\t\t\t<span class=\"elementor-divider-separator\">\n\t\t\t\t\t\t<\/span>\n\t\t<\/div>\n\t\t\t\t<\/div>\n\t\t\t\t<\/div>\n\t\t\t\t\t<\/div>\n\t\t<\/div>\n\t\t\t\t\t<\/div>\n\t\t<\/section>\n\t\t\t\t<section class=\"elementor-section elementor-top-section elementor-element elementor-element-157b44a elementor-section-boxed elementor-section-height-default elementor-section-height-default wpr-particle-no wpr-jarallax-no wpr-parallax-no wpr-sticky-section-no\" data-id=\"157b44a\" data-element_type=\"section\" data-settings=\"{&quot;background_background&quot;:&quot;classic&quot;}\">\n\t\t\t\t\t\t<div class=\"elementor-container elementor-column-gap-default\">\n\t\t\t\t\t<div class=\"elementor-column elementor-col-100 elementor-top-column elementor-element elementor-element-7aace96\" data-id=\"7aace96\" data-element_type=\"column\">\n\t\t\t<div class=\"elementor-widget-wrap elementor-element-populated\">\n\t\t\t\t\t\t<div class=\"elementor-element elementor-element-9dfa1be elementor-widget elementor-widget-heading\" data-id=\"9dfa1be\" data-element_type=\"widget\" data-widget_type=\"heading.default\">\n\t\t\t\t<div class=\"elementor-widget-container\">\n\t\t\t<h2 class=\"elementor-heading-title elementor-size-default\">Dijital \u00c7\u00f6z\u00fcmler<\/h2>\t\t<\/div>\n\t\t\t\t<\/div>\n\t\t\t\t<div class=\"elementor-element elementor-element-7df6393 elementor-widget elementor-widget-heading\" data-id=\"7df6393\" data-element_type=\"widget\" data-widget_type=\"heading.default\">\n\t\t\t\t<div class=\"elementor-widget-container\">\n\t\t\t<h2 class=\"elementor-heading-title elementor-size-default\">Bireysel Website Tasar\u0131m\u0131\n<\/h2>\t\t<\/div>\n\t\t\t\t<\/div>\n\t\t\t\t<div class=\"elementor-element elementor-element-e9631e1 elementor-widget elementor-widget-text-editor\" data-id=\"e9631e1\" data-element_type=\"widget\" data-widget_type=\"text-editor.default\">\n\t\t\t\t<div class=\"elementor-widget-container\">\n\t\t\t\t\t\t\t<p>Ki\u015fisel bir web sitesi, dijital d\u00fcnyada kendinizi tan\u0131tman\u0131n ve yeteneklerinizi sergilemenin harika bir yoludur. Teknoloji dijital ajans\u0131 olarak, elektronikmenu.org olarak, dijital \u00e7\u00f6z\u00fcmler sunan firmam\u0131z, ki\u015fisel web sitelerinin \u00f6nemini ve nas\u0131l ba\u015far\u0131l\u0131 bir \u015fekilde tasarlanabilece\u011fini bilmektedir. \u0130\u015fte ki\u015fisel websitesi tasar\u0131m\u0131n\u0131n \u00f6nemi ve firmam\u0131z\u0131n sundu\u011fu \u00e7\u00f6z\u00fcmler:<\/p><p>Ki\u015fisel bir web sitesi, sizin hakk\u0131n\u0131zda \u00f6nemli bilgileri ve yeteneklerinizi payla\u015fman\u0131n ideal bir yoludur. \u00d6zge\u00e7mi\u015finiz, portf\u00f6y\u00fcn\u00fcz, referanslar\u0131n\u0131z ve ileti\u015fim bilgileriniz gibi bilgileri i\u00e7eren bir web sitesi, potansiyel i\u015fverenlere veya m\u00fc\u015fterilere profesyonel bir izlenim sunar.<\/p>\t\t\t\t\t\t<\/div>\n\t\t\t\t<\/div>\n\t\t\t\t\t<\/div>\n\t\t<\/div>\n\t\t\t\t\t<\/div>\n\t\t<\/section>\n\t\t\t\t<\/div>","protected":false},"excerpt":{"rendered":"<p>Bireysel Website Tasar\u0131m\u0131 Kendinizi \u00c7evrimi\u00e7i Olarak Tan\u0131tman\u0131n En \u0130yi Yolu Ki\u015fisel Websitesi Tasar\u0131m Ki\u015fisel bir web sitesi, dijital d\u00fcnyada kendinizi tan\u0131tman\u0131n ve yeteneklerinizi sergilemenin harika bir yoludur. Teknoloji dijital ajans\u0131 olarak, dijital \u00e7\u00f6z\u00fcmler sunan firmam\u0131z, ki\u015fisel web sitelerinin \u00f6nemini ve nas\u0131l ba\u015far\u0131l\u0131 bir \u015fekilde tasarlanabilece\u011fini bilmektedir. \u0130\u015fte ki\u015fisel websitesi tasar\u0131m\u0131n\u0131n \u00f6nemi ve firmam\u0131z\u0131n sundu\u011fu \u00e7\u00f6z\u00fcmler [&hellip;]<\/p>","protected":false},"author":1,"featured_media":1255,"parent":1417,"menu_order":0,"comment_status":"closed","ping_status":"closed","template":"elementor_canvas","meta":{"footnotes":""},"class_list":["post-1245","page","type-page","status-publish","has-post-thumbnail","hentry"],"_links":{"self":[{"href":"https:\/\/www.internetsitemiz.com\/es\/wp-json\/wp\/v2\/pages\/1245","targetHints":{"allow":["GET"]}}],"collection":[{"href":"https:\/\/www.internetsitemiz.com\/es\/wp-json\/wp\/v2\/pages"}],"about":[{"href":"https:\/\/www.internetsitemiz.com\/es\/wp-json\/wp\/v2\/types\/page"}],"author":[{"embeddable":true,"href":"https:\/\/www.internetsitemiz.com\/es\/wp-json\/wp\/v2\/users\/1"}],"replies":[{"embeddable":true,"href":"https:\/\/www.internetsitemiz.com\/es\/wp-json\/wp\/v2\/comments?post=1245"}],"version-history":[{"count":21,"href":"https:\/\/www.internetsitemiz.com\/es\/wp-json\/wp\/v2\/pages\/1245\/revisions"}],"predecessor-version":[{"id":1839,"href":"https:\/\/www.internetsitemiz.com\/es\/wp-json\/wp\/v2\/pages\/1245\/revisions\/1839"}],"up":[{"embeddable":true,"href":"https:\/\/www.internetsitemiz.com\/es\/wp-json\/wp\/v2\/pages\/1417"}],"wp:featuredmedia":[{"embeddable":true,"href":"https:\/\/www.internetsitemiz.com\/es\/wp-json\/wp\/v2\/media\/1255"}],"wp:attachment":[{"href":"https:\/\/www.internetsitemiz.com\/es\/wp-json\/wp\/v2\/media?parent=1245"}],"curies":[{"name":"wp","href":"https:\/\/api.w.org\/{rel}","templated":true}]}}