{"id":1417,"date":"2024-05-02T01:24:16","date_gmt":"2024-05-01T22:24:16","guid":{"rendered":"https:\/\/elektronikmenu.org\/new\/?page_id=1417"},"modified":"2025-02-11T18:06:02","modified_gmt":"2025-02-11T15:06:02","slug":"web-tasarimi","status":"publish","type":"page","link":"https:\/\/www.internetsitemiz.com\/en\/web-tasarimi\/","title":{"rendered":"Web Design"},"content":{"rendered":"<div data-elementor-type=\"wp-page\" data-elementor-id=\"1417\" class=\"elementor elementor-1417\">\n\t\t\t\t<div class=\"wpr-parallax-multi-layer\" scalar-speed=\"10\" direction=\"no\" style=\"overflow: hidden;\"><div data-depth=\"0.4\" style-top=\"30%\" style-left=\"49%\" class=\"wpr-parallax-ml-children elementor-repeater-item-471af14\"><img decoding=\"async\" src=\"https:\/\/www.internetsitemiz.com\/wp-content\/uploads\/2023\/04\/rectangle-1.png\"><\/div><div data-depth=\"0.4\" style-top=\"72%\" style-left=\"20%\" class=\"wpr-parallax-ml-children elementor-repeater-item-acf2ce0\"><img decoding=\"async\" src=\"https:\/\/www.internetsitemiz.com\/wp-content\/uploads\/2023\/04\/Polygon-1.png\"><\/div><\/div>\t\t<section class=\"elementor-section elementor-top-section elementor-element elementor-element-eaff33e wpr-parallax-yes elementor-section-boxed elementor-section-height-default elementor-section-height-default wpr-particle-no wpr-jarallax-no wpr-sticky-section-no\" data-id=\"eaff33e\" data-element_type=\"section\" data-settings=\"{&quot;background_background&quot;:&quot;gradient&quot;}\">\n\t\t\t\t\t\t\t<div class=\"elementor-background-overlay\"><\/div>\n\t\t\t\t\t\t\t<div class=\"elementor-container elementor-column-gap-default\">\n\t\t\t\t\t<div class=\"elementor-column elementor-col-100 elementor-top-column elementor-element elementor-element-c932e84\" data-id=\"c932e84\" data-element_type=\"column\">\n\t\t\t<div class=\"elementor-widget-wrap elementor-element-populated\">\n\t\t\t\t\t\t<div class=\"elementor-element elementor-element-c83b07e elementor-widget elementor-widget-heading\" data-id=\"c83b07e\" data-element_type=\"widget\" data-widget_type=\"heading.default\">\n\t\t\t\t<div class=\"elementor-widget-container\">\n\t\t\t<style>\/*! elementor - v3.22.0 - 26-06-2024 *\/\n.elementor-heading-title{padding:0;margin:0;line-height:1}.elementor-widget-heading .elementor-heading-title[class*=elementor-size-]>a{color:inherit;font-size:inherit;line-height:inherit}.elementor-widget-heading .elementor-heading-title.elementor-size-small{font-size:15px}.elementor-widget-heading .elementor-heading-title.elementor-size-medium{font-size:19px}.elementor-widget-heading .elementor-heading-title.elementor-size-large{font-size:29px}.elementor-widget-heading .elementor-heading-title.elementor-size-xl{font-size:39px}.elementor-widget-heading .elementor-heading-title.elementor-size-xxl{font-size:59px}<\/style><h1 class=\"elementor-heading-title elementor-size-default\">Web Design<\/h1>\t\t<\/div>\n\t\t\t\t<\/div>\n\t\t\t\t\t<\/div>\n\t\t<\/div>\n\t\t\t\t\t<\/div>\n\t\t<\/section>\n\t\t\t\t<section class=\"elementor-section elementor-top-section elementor-element elementor-element-97e2d39 elementor-section-boxed elementor-section-height-default elementor-section-height-default wpr-particle-no wpr-jarallax-no wpr-parallax-no wpr-sticky-section-no\" data-id=\"97e2d39\" data-element_type=\"section\">\n\t\t\t\t\t\t<div class=\"elementor-container elementor-column-gap-wide\">\n\t\t\t\t\t<div class=\"elementor-column elementor-col-50 elementor-top-column elementor-element elementor-element-b09a974\" data-id=\"b09a974\" data-element_type=\"column\">\n\t\t\t<div class=\"elementor-widget-wrap elementor-element-populated\">\n\t\t\t\t\t\t<div class=\"elementor-element elementor-element-678f2e8 elementor-widget elementor-widget-image\" data-id=\"678f2e8\" data-element_type=\"widget\" data-widget_type=\"image.default\">\n\t\t\t\t<div class=\"elementor-widget-container\">\n\t\t\t<style>\/*! elementor - v3.22.0 - 26-06-2024 *\/\n.elementor-widget-image{text-align:center}.elementor-widget-image a{display:inline-block}.elementor-widget-image a img[src$=\".svg\"]{width:48px}.elementor-widget-image img{vertical-align:middle;display:inline-block}<\/style>\t\t\t\t\t\t\t\t\t\t<img fetchpriority=\"high\" decoding=\"async\" width=\"366\" height=\"450\" src=\"https:\/\/www.internetsitemiz.com\/wp-content\/uploads\/2023\/04\/pic-21.jpg\" class=\"attachment-large size-large wp-image-718\" alt=\"\" srcset=\"https:\/\/www.internetsitemiz.com\/wp-content\/uploads\/2023\/04\/pic-21.jpg 366w, https:\/\/www.internetsitemiz.com\/wp-content\/uploads\/2023\/04\/pic-21-244x300.jpg 244w\" sizes=\"(max-width: 366px) 100vw, 366px\" \/>\t\t\t\t\t\t\t\t\t\t\t\t\t<\/div>\n\t\t\t\t<\/div>\n\t\t\t\t\t<\/div>\n\t\t<\/div>\n\t\t\t\t<div class=\"elementor-column elementor-col-50 elementor-top-column elementor-element elementor-element-2d358bf\" data-id=\"2d358bf\" data-element_type=\"column\">\n\t\t\t<div class=\"elementor-widget-wrap elementor-element-populated\">\n\t\t\t\t\t\t<div class=\"elementor-element elementor-element-a0aad9d elementor-widget elementor-widget-heading\" data-id=\"a0aad9d\" data-element_type=\"widget\" data-widget_type=\"heading.default\">\n\t\t\t\t<div class=\"elementor-widget-container\">\n\t\t\t<h2 class=\"elementor-heading-title elementor-size-default\">Kurumsal Firmalar i\u00e7in Websitesi Tasar\u0131m\u0131<\/h2>\t\t<\/div>\n\t\t\t\t<\/div>\n\t\t\t\t<div class=\"elementor-element elementor-element-a1e23e5 elementor-widget elementor-widget-heading\" data-id=\"a1e23e5\" data-element_type=\"widget\" data-widget_type=\"heading.default\">\n\t\t\t\t<div class=\"elementor-widget-container\">\n\t\t\t<h2 class=\"elementor-heading-title elementor-size-default\"><a href=\"https:\/\/elektronikmenu.org\/kurumsal-websitesi-tasarimi\/\" kurumsal=\"\">Kurumsal Website Tasar\u0131m\u0131<\/a><\/h2>\t\t<\/div>\n\t\t\t\t<\/div>\n\t\t\t\t<div class=\"elementor-element elementor-element-cace139 elementor-widget elementor-widget-text-editor\" data-id=\"cace139\" data-element_type=\"widget\" data-widget_type=\"text-editor.default\">\n\t\t\t\t<div class=\"elementor-widget-container\">\n\t\t\t<style>\/*! elementor - v3.22.0 - 26-06-2024 *\/\n.elementor-widget-text-editor.elementor-drop-cap-view-stacked .elementor-drop-cap{background-color:#69727d;color:#fff}.elementor-widget-text-editor.elementor-drop-cap-view-framed .elementor-drop-cap{color:#69727d;border:3px solid;background-color:transparent}.elementor-widget-text-editor:not(.elementor-drop-cap-view-default) .elementor-drop-cap{margin-top:8px}.elementor-widget-text-editor:not(.elementor-drop-cap-view-default) .elementor-drop-cap-letter{width:1em;height:1em}.elementor-widget-text-editor .elementor-drop-cap{float:left;text-align:center;line-height:1;font-size:50px}.elementor-widget-text-editor .elementor-drop-cap-letter{display:inline-block}<\/style>\t\t\t\t<div class=\"elementor-element elementor-element-cace139 elementor-widget elementor-widget-text-editor\" data-id=\"cace139\" data-element_type=\"widget\" data-widget_type=\"text-editor.default\"><div class=\"elementor-widget-container\"><p>Kurumsal firmalar i\u00e7in etkileyici bir web sitesi, dijital varl\u0131klar\u0131n\u0131 g\u00fc\u00e7lendirmenin temel bir unsuru haline gelmi\u015ftir. \u0130ster b\u00fcy\u00fck bir kurulu\u015f, isterse k\u00fc\u00e7\u00fck bir i\u015fletme olun, profesyonel bir web sitesi, markan\u0131z\u0131 \u00e7evrimi\u00e7i olarak temsil etmenin ve potansiyel m\u00fc\u015fterilerle etkile\u015fime ge\u00e7menin anahtar\u0131d\u0131r.<\/p><\/div><\/div><div class=\"elementor-element elementor-element-2e0667b wpr-feature-list-left wpr-feature-list-square wpr-feature-list-line-yes elementor-widget elementor-widget-wpr-feature-list\" data-id=\"2e0667b\" data-element_type=\"widget\" data-widget_type=\"wpr-feature-list.default\"><div class=\"elementor-widget-container\"><div class=\"wpr-feature-list-wrap\"><ul class=\"wpr-feature-list\"><li class=\"wpr-feature-list-item elementor-repeater-item-c7e72ad\"><div class=\"wpr-feature-list-icon-wrap\"><div class=\"wpr-feature-list-icon-inner-wrap\">\u00a0<\/div><\/div><div class=\"wpr-feature-list-content-wrap\"><h3 class=\"wpr-feature-list-title\"><a class=\"wpr-feature-list-url\" target=\"_blank\" rel=\"nofollow\">Kurumsal Marka Kimli\u011finizi Yans\u0131tan Tasar\u0131m<\/a><\/h3><p class=\"wpr-feature-list-description\">Kurumsal bir web sitesi, markan\u0131n kimli\u011fini ve de\u011ferlerini yans\u0131tan bir tasar\u0131ma sahip olmal\u0131d\u0131r. Renkler, fontlar, logolar ve di\u011fer g\u00f6rsel unsurlar, markan\u0131n tarz\u0131n\u0131 ve ki\u015fili\u011fini yans\u0131tmal\u0131d\u0131r. Bu tutarl\u0131l\u0131k, marka alg\u0131s\u0131n\u0131 g\u00fc\u00e7lendirir ve ziyaret\u00e7ilere g\u00fcven verir.<\/p><\/div><\/li><li class=\"wpr-feature-list-item elementor-repeater-item-1d535be\"><div class=\"wpr-feature-list-icon-wrap\"><div class=\"wpr-feature-list-icon-inner-wrap\">\u00a0<\/div><\/div><div class=\"wpr-feature-list-content-wrap\"><h3 class=\"wpr-feature-list-title\"><a class=\"wpr-feature-list-url\" target=\"_blank\" rel=\"nofollow\">Kurumsall\u0131\u011f\u0131n vazge\u00e7ilmezi Kullan\u0131c\u0131 Dostu Aray\u00fcz<\/a><\/h3><p class=\"wpr-feature-list-description\">Kullan\u0131c\u0131 deneyimi, bir kurumsal web sitesinin ba\u015far\u0131s\u0131n\u0131 belirleyen \u00f6nemli bir fakt\u00f6rd\u00fcr. Kolay gezinme, bilgiye h\u0131zl\u0131 eri\u015fim ve sezgisel bir aray\u00fcz, ziyaret\u00e7ilerin web sitenizde daha fazla zaman ge\u00e7irmesini sa\u011flar. Ayr\u0131ca, kullan\u0131c\u0131 dostu bir aray\u00fcz, arama motorlar\u0131 taraf\u0131ndan da takdir edilir ve daha y\u00fcksek s\u0131ralamalara yol a\u00e7abilir.<\/p><\/div><\/li><li class=\"wpr-feature-list-item elementor-repeater-item-f664ce5\"><div class=\"wpr-feature-list-icon-wrap\"><div class=\"wpr-feature-list-icon-inner-wrap\">\u00a0<\/div><\/div><div class=\"wpr-feature-list-content-wrap\"><h3 class=\"wpr-feature-list-title\"><a class=\"wpr-feature-list-url\" target=\"_blank\" rel=\"nofollow\">Kurumsal Websiteniz i\u00e7in Mobil Uyumlu Tasar\u0131m<\/a><\/h3><p class=\"wpr-feature-list-description\">Mobil cihazlar\u0131n kullan\u0131m\u0131n\u0131n artmas\u0131yla birlikte, kurumsal web sitelerinin mobil uyumlu olmas\u0131 hayati \u00f6neme sahiptir. Mobil uyumlu bir tasar\u0131m, kullan\u0131c\u0131lar\u0131n herhangi bir cihazdan web sitenize sorunsuz bir \u015fekilde eri\u015fmesini sa\u011flar. Ayr\u0131ca, mobil uyumlu siteler, arama motorlar\u0131 taraf\u0131ndan \u00f6d\u00fcllendirilir ve daha y\u00fcksek s\u0131ralamalarda yer alabilir.<\/p><\/div><\/li><\/ul><\/div><\/div><\/div>\t\t\t\t\t\t<\/div>\n\t\t\t\t<\/div>\n\t\t\t\t\t<\/div>\n\t\t<\/div>\n\t\t\t\t\t<\/div>\n\t\t<\/section>\n\t\t\t\t<section class=\"elementor-section elementor-top-section elementor-element elementor-element-60f6039 elementor-section-boxed elementor-section-height-default elementor-section-height-default wpr-particle-no wpr-jarallax-no wpr-parallax-no wpr-sticky-section-no\" data-id=\"60f6039\" data-element_type=\"section\">\n\t\t\t\t\t\t<div class=\"elementor-container elementor-column-gap-wide\">\n\t\t\t\t\t<div class=\"elementor-column elementor-col-50 elementor-top-column elementor-element elementor-element-0f26461\" data-id=\"0f26461\" data-element_type=\"column\">\n\t\t\t<div class=\"elementor-widget-wrap elementor-element-populated\">\n\t\t\t\t\t\t<div class=\"elementor-element elementor-element-24e51e9 elementor-widget elementor-widget-image\" data-id=\"24e51e9\" data-element_type=\"widget\" data-widget_type=\"image.default\">\n\t\t\t\t<div class=\"elementor-widget-container\">\n\t\t\t\t\t\t\t\t\t\t\t\t\t<img decoding=\"async\" width=\"960\" height=\"872\" src=\"https:\/\/www.internetsitemiz.com\/wp-content\/uploads\/2024\/04\/eticaret-1024x930.jpg\" class=\"attachment-large size-large wp-image-1153\" alt=\"\" srcset=\"https:\/\/www.internetsitemiz.com\/wp-content\/uploads\/2024\/04\/eticaret-1024x930.jpg 1024w, https:\/\/www.internetsitemiz.com\/wp-content\/uploads\/2024\/04\/eticaret-300x272.jpg 300w, https:\/\/www.internetsitemiz.com\/wp-content\/uploads\/2024\/04\/eticaret-768x698.jpg 768w, https:\/\/www.internetsitemiz.com\/wp-content\/uploads\/2024\/04\/eticaret.jpg 1417w\" sizes=\"(max-width: 960px) 100vw, 960px\" \/>\t\t\t\t\t\t\t\t\t\t\t\t\t<\/div>\n\t\t\t\t<\/div>\n\t\t\t\t\t<\/div>\n\t\t<\/div>\n\t\t\t\t<div class=\"elementor-column elementor-col-50 elementor-top-column elementor-element elementor-element-15450e7\" data-id=\"15450e7\" data-element_type=\"column\">\n\t\t\t<div class=\"elementor-widget-wrap elementor-element-populated\">\n\t\t\t\t\t\t<div class=\"elementor-element elementor-element-fdb6c99 elementor-widget elementor-widget-heading\" data-id=\"fdb6c99\" data-element_type=\"widget\" data-widget_type=\"heading.default\">\n\t\t\t\t<div class=\"elementor-widget-container\">\n\t\t\t<h2 class=\"elementor-heading-title elementor-size-default\">Ki\u015fisel Tan\u0131t\u0131mve ihtiya\u00e7lar\u0131n\u0131z i\u00e7in Websitesi Tasar\u0131m\u0131<\/h2>\t\t<\/div>\n\t\t\t\t<\/div>\n\t\t\t\t<div class=\"elementor-element elementor-element-8aadc0c elementor-widget elementor-widget-heading\" data-id=\"8aadc0c\" data-element_type=\"widget\" data-widget_type=\"heading.default\">\n\t\t\t\t<div class=\"elementor-widget-container\">\n\t\t\t<h2 class=\"elementor-heading-title elementor-size-default\"><a href=\"https:\/\/elektronikmenu.org\/bireysel-websitesi-tasarimi\/\" bireysel=\"\">Bireysel Website Tasar\u0131m\u0131<\/a><\/h2>\t\t<\/div>\n\t\t\t\t<\/div>\n\t\t\t\t<div class=\"elementor-element elementor-element-167744c elementor-widget elementor-widget-text-editor\" data-id=\"167744c\" data-element_type=\"widget\" data-widget_type=\"text-editor.default\">\n\t\t\t\t<div class=\"elementor-widget-container\">\n\t\t\t\t\t\t\t<div class=\"elementor-element elementor-element-cace139 elementor-widget elementor-widget-text-editor\" data-id=\"cace139\" data-element_type=\"widget\" data-widget_type=\"text-editor.default\"><div class=\"elementor-widget-container\"><p>Ki\u015fisel bir web sitesi, dijital d\u00fcnyada kendinizi tan\u0131tman\u0131n ve yeteneklerinizi sergilemenin harika bir yoludur. Teknoloji dijital ajans\u0131 olarak, dijital \u00e7\u00f6z\u00fcmler sunan firmam\u0131z, ki\u015fisel web sitelerinin \u00f6nemini ve nas\u0131l ba\u015far\u0131l\u0131 bir \u015fekilde tasarlanabilece\u011fini bilmektedir. \u0130\u015fte ki\u015fisel websitesi tasar\u0131m\u0131n\u0131n \u00f6nemi ve firmam\u0131z\u0131n sundu\u011fu \u00e7\u00f6z\u00fcmlerdir.<\/p><div class=\"elementor-element elementor-element-7df6393 elementor-widget elementor-widget-heading\" data-id=\"7df6393\" data-element_type=\"widget\" data-widget_type=\"heading.default\"><div class=\"elementor-widget-container\"><h3 class=\"elementor-heading-title elementor-size-default\">Bireysel Website Tasar\u0131m\u0131<\/h3><\/div><\/div><div class=\"elementor-element elementor-element-e9631e1 elementor-widget elementor-widget-text-editor\" data-id=\"e9631e1\" data-element_type=\"widget\" data-widget_type=\"text-editor.default\"><div class=\"elementor-widget-container\"><p>Ki\u015fisel bir web sitesi, dijital d\u00fcnyada kendinizi tan\u0131tman\u0131n ve yeteneklerinizi sergilemenin harika bir yoludur. Teknoloji dijital ajans\u0131 olarak, elektronikmenu.org olarak, dijital \u00e7\u00f6z\u00fcmler sunan firmam\u0131z, ki\u015fisel web sitelerinin \u00f6nemini ve nas\u0131l ba\u015far\u0131l\u0131 bir \u015fekilde tasarlanabilece\u011fini bilmektedir. \u0130\u015fte ki\u015fisel websitesi tasar\u0131m\u0131n\u0131n \u00f6nemi ve firmam\u0131z\u0131n sundu\u011fu \u00e7\u00f6z\u00fcmler:<\/p><p>Ki\u015fisel bir web sitesi, sizin hakk\u0131n\u0131zda \u00f6nemli bilgileri ve yeteneklerinizi payla\u015fman\u0131n ideal bir yoludur. \u00d6zge\u00e7mi\u015finiz, portf\u00f6y\u00fcn\u00fcz, referanslar\u0131n\u0131z ve ileti\u015fim bilgileriniz gibi bilgileri i\u00e7eren bir web sitesi, potansiyel i\u015fverenlere veya m\u00fc\u015fterilere profesyonel bir izlenim sunar.<\/p><\/div><\/div><\/div><\/div>\t\t\t\t\t\t<\/div>\n\t\t\t\t<\/div>\n\t\t\t\t\t<\/div>\n\t\t<\/div>\n\t\t\t\t\t<\/div>\n\t\t<\/section>\n\t\t\t\t<section class=\"elementor-section elementor-top-section elementor-element elementor-element-99b888e elementor-section-boxed elementor-section-height-default elementor-section-height-default wpr-particle-no wpr-jarallax-no wpr-parallax-no wpr-sticky-section-no\" data-id=\"99b888e\" data-element_type=\"section\">\n\t\t\t\t\t\t<div class=\"elementor-container elementor-column-gap-wide\">\n\t\t\t\t\t<div class=\"elementor-column elementor-col-50 elementor-top-column elementor-element elementor-element-db78dc4\" data-id=\"db78dc4\" data-element_type=\"column\">\n\t\t\t<div class=\"elementor-widget-wrap elementor-element-populated\">\n\t\t\t\t\t\t<div class=\"elementor-element elementor-element-de106b3 elementor-widget elementor-widget-image\" data-id=\"de106b3\" data-element_type=\"widget\" data-widget_type=\"image.default\">\n\t\t\t\t<div class=\"elementor-widget-container\">\n\t\t\t\t\t\t\t\t\t\t\t\t\t<img decoding=\"async\" width=\"518\" height=\"579\" src=\"https:\/\/www.internetsitemiz.com\/wp-content\/uploads\/2023\/04\/pic-20.jpg\" class=\"attachment-large size-large wp-image-714\" alt=\"e-men\u00fc\" srcset=\"https:\/\/www.internetsitemiz.com\/wp-content\/uploads\/2023\/04\/pic-20.jpg 518w, https:\/\/www.internetsitemiz.com\/wp-content\/uploads\/2023\/04\/pic-20-268x300.jpg 268w\" sizes=\"(max-width: 518px) 100vw, 518px\" \/>\t\t\t\t\t\t\t\t\t\t\t\t\t<\/div>\n\t\t\t\t<\/div>\n\t\t\t\t\t<\/div>\n\t\t<\/div>\n\t\t\t\t<div class=\"elementor-column elementor-col-50 elementor-top-column elementor-element elementor-element-5549e4a\" data-id=\"5549e4a\" data-element_type=\"column\">\n\t\t\t<div class=\"elementor-widget-wrap elementor-element-populated\">\n\t\t\t\t\t\t<div class=\"elementor-element elementor-element-1716b13 elementor-widget elementor-widget-heading\" data-id=\"1716b13\" data-element_type=\"widget\" data-widget_type=\"heading.default\">\n\t\t\t\t<div class=\"elementor-widget-container\">\n\t\t\t<h2 class=\"elementor-heading-title elementor-size-default\">Mobile Website Design<\/h2>\t\t<\/div>\n\t\t\t\t<\/div>\n\t\t\t\t<div class=\"elementor-element elementor-element-7fd1247 elementor-widget elementor-widget-heading\" data-id=\"7fd1247\" data-element_type=\"widget\" data-widget_type=\"heading.default\">\n\t\t\t\t<div class=\"elementor-widget-container\">\n\t\t\t<h2 class=\"elementor-heading-title elementor-size-default\"><a href=\"https:\/\/elektronikmenu.org\/mobil-websitesi-tasarimi\/\" mobil=\"\">Mobil Website Tasar\u0131m\u0131<\/a><\/h2>\t\t<\/div>\n\t\t\t\t<\/div>\n\t\t\t\t<div class=\"elementor-element elementor-element-accf218 elementor-widget elementor-widget-text-editor\" data-id=\"accf218\" data-element_type=\"widget\" data-widget_type=\"text-editor.default\">\n\t\t\t\t<div class=\"elementor-widget-container\">\n\t\t\t\t\t\t\t<div class=\"elementor-element elementor-element-cace139 elementor-widget elementor-widget-text-editor\" data-id=\"cace139\" data-element_type=\"widget\" data-widget_type=\"text-editor.default\"><div class=\"elementor-widget-container\"><div class=\"elementor-element elementor-element-cace139 elementor-widget elementor-widget-text-editor\" data-id=\"cace139\" data-element_type=\"widget\" data-widget_type=\"text-editor.default\"><div class=\"elementor-widget-container\"><p>Mobil cihazlar\u0131n kullan\u0131m\u0131 giderek artarken, bir web sitesinin mobil uyumlu olmas\u0131 art\u0131k bir se\u00e7enek de\u011fil, bir gerekliliktir. Mobil websitesi tasar\u0131m\u0131, kullan\u0131c\u0131lar\u0131n herhangi bir cihazdan web sitenize sorunsuz bir \u015fekilde eri\u015fmesini sa\u011flaman\u0131n yan\u0131 s\u0131ra, markan\u0131z\u0131n dijital varl\u0131\u011f\u0131n\u0131 g\u00fc\u00e7lendirmenin \u00f6nemli bir yoludur. Mobil cihazlarda m\u00fckemmel g\u00f6r\u00fcn\u00fcm, h\u0131zl\u0131 y\u00fckleme s\u00fcreleri ve kullan\u0131c\u0131 dostu aray\u00fcz, ba\u015far\u0131l\u0131 bir mobil web sitesi tasar\u0131m\u0131n\u0131n temel bile\u015fenleridir.<\/p><p>\u0130\u015fte mobil websitesi tasar\u0131m\u0131n\u0131n \u00f6nemi ve firmam\u0131z\u0131n sundu\u011fu \u00e7\u00f6z\u00fcmler:<\/p><\/div><\/div><div class=\"elementor-element elementor-element-2e0667b wpr-feature-list-left wpr-feature-list-square wpr-feature-list-line-yes elementor-widget elementor-widget-wpr-feature-list\" data-id=\"2e0667b\" data-element_type=\"widget\" data-widget_type=\"wpr-feature-list.default\"><div class=\"elementor-widget-container\"><div class=\"wpr-feature-list-wrap\"><ul class=\"wpr-feature-list\"><li class=\"wpr-feature-list-item elementor-repeater-item-c7e72ad\"><div class=\"wpr-feature-list-icon-wrap\"><div class=\"wpr-feature-list-icon-inner-wrap\">\u00a0<\/div><\/div><div class=\"wpr-feature-list-content-wrap\"><h3 class=\"wpr-feature-list-title\"><a class=\"wpr-feature-list-url\" target=\"_blank\" rel=\"nofollow\">Mobil Kullan\u0131c\u0131lar \u0130\u00e7in \u00d6ncelikli Tasar\u0131m<\/a><\/h3><p class=\"wpr-feature-list-description\">Mobil websitesi tasar\u0131m\u0131nda, mobil kullan\u0131c\u0131lar\u0131n ihtiya\u00e7lar\u0131na ve davran\u0131\u015flar\u0131na \u00f6ncelik verilmelidir. Kullan\u0131c\u0131 dostu bir aray\u00fcz, sezgisel gezinme ve h\u0131zl\u0131 eri\u015fim, mobil kullan\u0131c\u0131lar\u0131n web sitenizde keyifli bir deneyim ya\u015famas\u0131n\u0131 sa\u011flar.<\/p><\/div><\/li><li class=\"wpr-feature-list-item elementor-repeater-item-1d535be\"><div class=\"wpr-feature-list-icon-wrap\"><div class=\"wpr-feature-list-icon-inner-wrap\">\u00a0<\/div><\/div><div class=\"wpr-feature-list-content-wrap\"><h3 class=\"wpr-feature-list-title\"><a class=\"wpr-feature-list-url\" target=\"_blank\" rel=\"nofollow\">Duyarl\u0131 Tasar\u0131m<\/a><\/h3><p class=\"wpr-feature-list-description\">Duyarl\u0131 tasar\u0131m, web sitesinin farkl\u0131 ekran boyutlar\u0131na otomatik olarak uyum sa\u011flamas\u0131n\u0131 sa\u011flar. Bu, kullan\u0131c\u0131lar\u0131n herhangi bir cihazdan web sitenize eri\u015febilmesini sa\u011flar ve tutarl\u0131 bir deneyim sunar. Ayr\u0131ca, arama motorlar\u0131 da duyarl\u0131 tasar\u0131m\u0131 takdir eder ve mobil uyumlu siteleri daha y\u00fcksek s\u0131ralamalarda g\u00f6sterir.<\/p><\/div><\/li><\/ul><\/div><\/div><\/div><\/div><\/div>\t\t\t\t\t\t<\/div>\n\t\t\t\t<\/div>\n\t\t\t\t\t<\/div>\n\t\t<\/div>\n\t\t\t\t\t<\/div>\n\t\t<\/section>\n\t\t\t\t<\/div>","protected":false},"excerpt":{"rendered":"<p>Web Tasar\u0131m\u0131 Kurumsal Firmalar i\u00e7in Websitesi Tasar\u0131m\u0131 Kurumsal Website Tasar\u0131m\u0131 Kurumsal firmalar i\u00e7in etkileyici bir web sitesi, dijital varl\u0131klar\u0131n\u0131 g\u00fc\u00e7lendirmenin temel bir unsuru haline gelmi\u015ftir. \u0130ster b\u00fcy\u00fck bir kurulu\u015f, isterse k\u00fc\u00e7\u00fck bir i\u015fletme olun, profesyonel bir web sitesi, markan\u0131z\u0131 \u00e7evrimi\u00e7i olarak temsil etmenin ve potansiyel m\u00fc\u015fterilerle etkile\u015fime ge\u00e7menin anahtar\u0131d\u0131r. \u00a0 Kurumsal Marka Kimli\u011finizi Yans\u0131tan Tasar\u0131m [&hellip;]<\/p>","protected":false},"author":1,"featured_media":1255,"parent":0,"menu_order":0,"comment_status":"closed","ping_status":"closed","template":"elementor_canvas","meta":{"footnotes":""},"class_list":["post-1417","page","type-page","status-publish","has-post-thumbnail","hentry"],"_links":{"self":[{"href":"https:\/\/www.internetsitemiz.com\/en\/wp-json\/wp\/v2\/pages\/1417","targetHints":{"allow":["GET"]}}],"collection":[{"href":"https:\/\/www.internetsitemiz.com\/en\/wp-json\/wp\/v2\/pages"}],"about":[{"href":"https:\/\/www.internetsitemiz.com\/en\/wp-json\/wp\/v2\/types\/page"}],"author":[{"embeddable":true,"href":"https:\/\/www.internetsitemiz.com\/en\/wp-json\/wp\/v2\/users\/1"}],"replies":[{"embeddable":true,"href":"https:\/\/www.internetsitemiz.com\/en\/wp-json\/wp\/v2\/comments?post=1417"}],"version-history":[{"count":14,"href":"https:\/\/www.internetsitemiz.com\/en\/wp-json\/wp\/v2\/pages\/1417\/revisions"}],"predecessor-version":[{"id":1836,"href":"https:\/\/www.internetsitemiz.com\/en\/wp-json\/wp\/v2\/pages\/1417\/revisions\/1836"}],"wp:featuredmedia":[{"embeddable":true,"href":"https:\/\/www.internetsitemiz.com\/en\/wp-json\/wp\/v2\/media\/1255"}],"wp:attachment":[{"href":"https:\/\/www.internetsitemiz.com\/en\/wp-json\/wp\/v2\/media?parent=1417"}],"curies":[{"name":"wp","href":"https:\/\/api.w.org\/{rel}","templated":true}]}}