{"id":1292,"date":"2024-05-01T14:13:41","date_gmt":"2024-05-01T11:13:41","guid":{"rendered":"https:\/\/elektronikmenu.org\/new\/?page_id=1292"},"modified":"2025-02-11T18:09:11","modified_gmt":"2025-02-11T15:09:11","slug":"kurumsal-web-yazilimi","status":"publish","type":"page","link":"https:\/\/www.internetsitemiz.com\/en\/web-yazilimi\/kurumsal-web-yazilimi\/","title":{"rendered":"Web Software for Corporate Companies"},"content":{"rendered":"<div data-elementor-type=\"wp-page\" data-elementor-id=\"1292\" class=\"elementor elementor-1292\">\n\t\t\t\t<div class=\"wpr-parallax-multi-layer\" scalar-speed=\"10\" direction=\"no\" style=\"overflow: hidden;\"><div data-depth=\"0.4\" style-top=\"12%\" style-left=\"60%\" class=\"wpr-parallax-ml-children elementor-repeater-item-471af14\"><img decoding=\"async\" src=\"https:\/\/www.internetsitemiz.com\/wp-content\/uploads\/2023\/04\/rectangle-1.png\"><\/div><div data-depth=\"0.4\" style-top=\"72%\" style-left=\"20%\" class=\"wpr-parallax-ml-children elementor-repeater-item-acf2ce0\"><img decoding=\"async\" src=\"https:\/\/www.internetsitemiz.com\/wp-content\/uploads\/2023\/04\/Polygon-1.png\"><\/div><\/div>\t\t<section class=\"elementor-section elementor-top-section elementor-element elementor-element-eaff33e wpr-parallax-yes elementor-section-boxed elementor-section-height-default elementor-section-height-default wpr-particle-no wpr-jarallax-no wpr-sticky-section-no\" data-id=\"eaff33e\" data-element_type=\"section\" data-settings=\"{&quot;background_background&quot;:&quot;gradient&quot;}\">\n\t\t\t\t\t\t\t<div class=\"elementor-background-overlay\"><\/div>\n\t\t\t\t\t\t\t<div class=\"elementor-container elementor-column-gap-default\">\n\t\t\t\t\t<div class=\"elementor-column elementor-col-100 elementor-top-column elementor-element elementor-element-c932e84\" data-id=\"c932e84\" data-element_type=\"column\">\n\t\t\t<div class=\"elementor-widget-wrap elementor-element-populated\">\n\t\t\t\t\t\t<div class=\"elementor-element elementor-element-c83b07e elementor-widget elementor-widget-heading\" data-id=\"c83b07e\" data-element_type=\"widget\" data-widget_type=\"heading.default\">\n\t\t\t\t<div class=\"elementor-widget-container\">\n\t\t\t<style>\/*! elementor - v3.22.0 - 26-06-2024 *\/\n.elementor-heading-title{padding:0;margin:0;line-height:1}.elementor-widget-heading .elementor-heading-title[class*=elementor-size-]>a{color:inherit;font-size:inherit;line-height:inherit}.elementor-widget-heading .elementor-heading-title.elementor-size-small{font-size:15px}.elementor-widget-heading .elementor-heading-title.elementor-size-medium{font-size:19px}.elementor-widget-heading .elementor-heading-title.elementor-size-large{font-size:29px}.elementor-widget-heading .elementor-heading-title.elementor-size-xl{font-size:39px}.elementor-widget-heading .elementor-heading-title.elementor-size-xxl{font-size:59px}<\/style><h1 class=\"elementor-heading-title elementor-size-default\">Web Software for Corporate Companies<\/h1>\t\t<\/div>\n\t\t\t\t<\/div>\n\t\t\t\t\t<\/div>\n\t\t<\/div>\n\t\t\t\t\t<\/div>\n\t\t<\/section>\n\t\t\t\t<section class=\"elementor-section elementor-top-section elementor-element elementor-element-97e2d39 elementor-section-boxed elementor-section-height-default elementor-section-height-default wpr-particle-no wpr-jarallax-no wpr-parallax-no wpr-sticky-section-no\" data-id=\"97e2d39\" data-element_type=\"section\">\n\t\t\t\t\t\t<div class=\"elementor-container elementor-column-gap-wide\">\n\t\t\t\t\t<div class=\"elementor-column elementor-col-50 elementor-top-column elementor-element elementor-element-b09a974\" data-id=\"b09a974\" data-element_type=\"column\">\n\t\t\t<div class=\"elementor-widget-wrap elementor-element-populated\">\n\t\t\t\t\t\t<div class=\"elementor-element elementor-element-678f2e8 elementor-widget elementor-widget-image\" data-id=\"678f2e8\" data-element_type=\"widget\" data-widget_type=\"image.default\">\n\t\t\t\t<div class=\"elementor-widget-container\">\n\t\t\t<style>\/*! elementor - v3.22.0 - 26-06-2024 *\/\n.elementor-widget-image{text-align:center}.elementor-widget-image a{display:inline-block}.elementor-widget-image a img[src$=\".svg\"]{width:48px}.elementor-widget-image img{vertical-align:middle;display:inline-block}<\/style>\t\t\t\t\t\t\t\t\t\t<img fetchpriority=\"high\" decoding=\"async\" width=\"960\" height=\"872\" src=\"https:\/\/www.internetsitemiz.com\/wp-content\/uploads\/2024\/04\/eticaret-2-1024x930.png\" class=\"attachment-large size-large wp-image-1180\" alt=\"web yaz\u0131l\u0131m\u0131\" srcset=\"https:\/\/www.internetsitemiz.com\/wp-content\/uploads\/2024\/04\/eticaret-2-1024x930.png 1024w, https:\/\/www.internetsitemiz.com\/wp-content\/uploads\/2024\/04\/eticaret-2-300x272.png 300w, https:\/\/www.internetsitemiz.com\/wp-content\/uploads\/2024\/04\/eticaret-2-768x698.png 768w, https:\/\/www.internetsitemiz.com\/wp-content\/uploads\/2024\/04\/eticaret-2.png 1417w\" sizes=\"(max-width: 960px) 100vw, 960px\" \/>\t\t\t\t\t\t\t\t\t\t\t\t\t<\/div>\n\t\t\t\t<\/div>\n\t\t\t\t\t<\/div>\n\t\t<\/div>\n\t\t\t\t<div class=\"elementor-column elementor-col-50 elementor-top-column elementor-element elementor-element-2d358bf\" data-id=\"2d358bf\" data-element_type=\"column\">\n\t\t\t<div class=\"elementor-widget-wrap elementor-element-populated\">\n\t\t\t\t\t\t<div class=\"elementor-element elementor-element-a0aad9d elementor-widget elementor-widget-heading\" data-id=\"a0aad9d\" data-element_type=\"widget\" data-widget_type=\"heading.default\">\n\t\t\t\t<div class=\"elementor-widget-container\">\n\t\t\t<h2 class=\"elementor-heading-title elementor-size-default\">\u0130nternet Sitemiz ile \u0130\u015fletmenizin Dijital Varl\u0131\u011f\u0131n\u0131 G\u00fc\u00e7lendirin<\/h2>\t\t<\/div>\n\t\t\t\t<\/div>\n\t\t\t\t<div class=\"elementor-element elementor-element-a1e23e5 elementor-widget elementor-widget-heading\" data-id=\"a1e23e5\" data-element_type=\"widget\" data-widget_type=\"heading.default\">\n\t\t\t\t<div class=\"elementor-widget-container\">\n\t\t\t<h2 class=\"elementor-heading-title elementor-size-default\">Web Software for Corporate Companies<\/h2>\t\t<\/div>\n\t\t\t\t<\/div>\n\t\t\t\t<div class=\"elementor-element elementor-element-cace139 elementor-widget elementor-widget-text-editor\" data-id=\"cace139\" data-element_type=\"widget\" data-widget_type=\"text-editor.default\">\n\t\t\t\t<div class=\"elementor-widget-container\">\n\t\t\t<style>\/*! elementor - v3.22.0 - 26-06-2024 *\/\n.elementor-widget-text-editor.elementor-drop-cap-view-stacked .elementor-drop-cap{background-color:#69727d;color:#fff}.elementor-widget-text-editor.elementor-drop-cap-view-framed .elementor-drop-cap{color:#69727d;border:3px solid;background-color:transparent}.elementor-widget-text-editor:not(.elementor-drop-cap-view-default) .elementor-drop-cap{margin-top:8px}.elementor-widget-text-editor:not(.elementor-drop-cap-view-default) .elementor-drop-cap-letter{width:1em;height:1em}.elementor-widget-text-editor .elementor-drop-cap{float:left;text-align:center;line-height:1;font-size:50px}.elementor-widget-text-editor .elementor-drop-cap-letter{display:inline-block}<\/style>\t\t\t\t<p>Kurumsal web yaz\u0131l\u0131m\u0131, modern i\u015fletmelerin dijital varl\u0131klar\u0131n\u0131 y\u00f6netmek ve b\u00fcy\u00fctmek i\u00e7in \u00f6nemli bir ara\u00e7 haline gelmi\u015ftir. Bu yaz\u0131l\u0131mlar, kurumsal firmalara \u00f6zel ihtiya\u00e7lar\u0131 kar\u015f\u0131lamak i\u00e7in \u00f6zelle\u015ftirilmi\u015f \u00e7\u00f6z\u00fcmler sunar ve i\u015fletmelerin \u00e7evrimi\u00e7i varl\u0131klar\u0131n\u0131 g\u00fc\u00e7lendirir. Teknoloji dijital ajans firmam\u0131z, Internet Sitemiz olarak, m\u00fc\u015fterilerimize kurumsal web yaz\u0131l\u0131m\u0131 konusunda uzmanla\u015fm\u0131\u015f \u00e7\u00f6z\u00fcmler sunuyoruz.<\/p>\t\t\t\t\t\t<\/div>\n\t\t\t\t<\/div>\n\t\t\t\t<div class=\"elementor-element elementor-element-2e0667b wpr-feature-list-left wpr-feature-list-square wpr-feature-list-line-yes elementor-widget elementor-widget-wpr-feature-list\" data-id=\"2e0667b\" data-element_type=\"widget\" data-widget_type=\"wpr-feature-list.default\">\n\t\t\t\t<div class=\"elementor-widget-container\">\n\t\t\t<div class=\"wpr-feature-list-wrap\"><ul class=\"wpr-feature-list\"><li class=\"wpr-feature-list-item elementor-repeater-item-c7e72ad\"><div class=\"wpr-feature-list-icon-wrap\"><span class=\"wpr-feature-list-line\"><\/span><div class=\"wpr-feature-list-icon-inner-wrap\"><i aria-hidden=\"true\" class=\"fas fa-rocket\"><\/i><\/div><\/div><div class=\"wpr-feature-list-content-wrap\"><h2 class=\"wpr-feature-list-title\"><a class=\"wpr-feature-list-url\" target=\"_blank\" rel=\"nofollow\">Kurumsal Web Yaz\u0131l\u0131m\u0131 ile Avantajlar<\/a><\/h2><p class=\"wpr-feature-list-description\">\nKurumsal web yaz\u0131l\u0131m\u0131, i\u015fletmelere bir dizi avantaj sunar. \u00d6zelle\u015ftirilebilirlik, g\u00fcvenlik, \u00f6l\u00e7eklenebilirlik ve entegrasyon yetenekleri, i\u015fletmelerin \u00e7evrimi\u00e7i varl\u0131klar\u0131n\u0131 etkili bir \u015fekilde y\u00f6netmelerini sa\u011flar. Web yaz\u0131l\u0131m\u0131, i\u015fletmelerin m\u00fc\u015fterileriyle daha etkile\u015fimli bir \u015fekilde ileti\u015fim kurmalar\u0131n\u0131, verimlili\u011fi art\u0131rmalar\u0131n\u0131 ve rekabet avantaj\u0131 elde etmelerini sa\u011flar.<\/p><\/div><\/li><li class=\"wpr-feature-list-item elementor-repeater-item-1d535be\"><div class=\"wpr-feature-list-icon-wrap\"><span class=\"wpr-feature-list-line\"><\/span><div class=\"wpr-feature-list-icon-inner-wrap\"><i aria-hidden=\"true\" class=\"far fa-flag\"><\/i><\/div><\/div><div class=\"wpr-feature-list-content-wrap\"><h2 class=\"wpr-feature-list-title\"><a class=\"wpr-feature-list-url\" target=\"_blank\" rel=\"nofollow\">elektronikmenu.org'dan Firman\u0131za \u00d6zel Web Yaz\u0131l\u0131m<\/a><\/h2><p class=\"wpr-feature-list-description\">Kurumsal web yaz\u0131l\u0131m\u0131, i\u015fletmeler i\u00e7in bir\u00e7ok fayda sunar. Bunlar aras\u0131nda marka kimli\u011finin g\u00fc\u00e7lendirilmesi, m\u00fc\u015fteri memnuniyetinin art\u0131r\u0131lmas\u0131, operasyonel verimlili\u011fin art\u0131r\u0131lmas\u0131 ve rekabet avantaj\u0131n\u0131n elde edilmesi bulunur. Ayr\u0131ca, veri analiti\u011fi ve raporlama yetenekleri sayesinde i\u015fletmeler, daha iyi kararlar alabilir ve stratejik hedeflerine ula\u015fabilir.<\/p><\/div><\/li><li class=\"wpr-feature-list-item elementor-repeater-item-f664ce5\"><div class=\"wpr-feature-list-icon-wrap\"><span class=\"wpr-feature-list-line\"><\/span><div class=\"wpr-feature-list-icon-inner-wrap\"><i aria-hidden=\"true\" class=\"fas fa-grip-lines-vertical\"><\/i><\/div><\/div><div class=\"wpr-feature-list-content-wrap\"><h2 class=\"wpr-feature-list-title\"><a class=\"wpr-feature-list-url\" target=\"_blank\" rel=\"nofollow\">Kurumsall\u0131\u011f\u0131n\u0131z\u0131 Dijital D\u00fcnyaya Ta\u015f\u0131y\u0131n<\/a><\/h2><p class=\"wpr-feature-list-description\">Kurumsal web yaz\u0131l\u0131m\u0131, i\u015fletmenizin kurumsal kimli\u011fini dijital d\u00fcnyaya ta\u015f\u0131man\u0131n bir yoludur. \u00d6zelle\u015ftirilebilir tasar\u0131m se\u00e7enekleri ve markan\u0131za \u00f6zel \u00f6zellikler, web sitenizin benzersiz bir g\u00f6r\u00fcn\u00fcm ve his kazanmas\u0131n\u0131 sa\u011flar. Ayr\u0131ca, g\u00fcvenlik \u00f6nlemleri ve SSL \u015fifreleme gibi \u00f6zellikler, m\u00fc\u015fterilerinize g\u00fcven verir ve markan\u0131z\u0131n g\u00fcvenilirli\u011fini art\u0131r\u0131r.<\/p><\/div><\/li><\/ul><\/div>\t\t<\/div>\n\t\t\t\t<\/div>\n\t\t\t\t\t<\/div>\n\t\t<\/div>\n\t\t\t\t\t<\/div>\n\t\t<\/section>\n\t\t\t\t<section class=\"elementor-section elementor-top-section elementor-element elementor-element-22ddf3d elementor-section-boxed elementor-section-height-default elementor-section-height-default wpr-particle-no wpr-jarallax-no wpr-parallax-no wpr-sticky-section-no\" data-id=\"22ddf3d\" data-element_type=\"section\" data-settings=\"{&quot;background_background&quot;:&quot;classic&quot;}\">\n\t\t\t\t\t\t<div class=\"elementor-container elementor-column-gap-default\">\n\t\t\t\t\t<div class=\"elementor-column elementor-col-100 elementor-top-column elementor-element elementor-element-586e073\" data-id=\"586e073\" data-element_type=\"column\">\n\t\t\t<div class=\"elementor-widget-wrap elementor-element-populated\">\n\t\t\t\t\t\t<div class=\"elementor-element elementor-element-40526e7 elementor-widget elementor-widget-heading\" data-id=\"40526e7\" data-element_type=\"widget\" data-widget_type=\"heading.default\">\n\t\t\t\t<div class=\"elementor-widget-container\">\n\t\t\t<h2 class=\"elementor-heading-title elementor-size-default\">Kurumsal Web Yaz\u0131l\u0131m\u0131 i\u00e7in elektronikmenu.org<\/h2>\t\t<\/div>\n\t\t\t\t<\/div>\n\t\t\t\t<div class=\"elementor-element elementor-element-3dde8c4 elementor-widget elementor-widget-heading\" data-id=\"3dde8c4\" data-element_type=\"widget\" data-widget_type=\"heading.default\">\n\t\t\t\t<div class=\"elementor-widget-container\">\n\t\t\t<h2 class=\"elementor-heading-title elementor-size-default\">\u0130\u015fletme S\u00fcre\u00e7lerini Daha Etkin Hale Getirin<\/h2>\t\t<\/div>\n\t\t\t\t<\/div>\n\t\t\t\t<div class=\"elementor-element elementor-element-4f927e6 elementor-widget elementor-widget-text-editor\" data-id=\"4f927e6\" data-element_type=\"widget\" data-widget_type=\"text-editor.default\">\n\t\t\t\t<div class=\"elementor-widget-container\">\n\t\t\t\t\t\t\t<p>Kurumsal web yaz\u0131l\u0131m\u0131, i\u015fletme s\u00fcre\u00e7lerini daha etkin hale getirir. Otomasyon \u00f6zellikleri ve entegrasyon yetenekleri sayesinde, i\u015fletmeler verimlili\u011fi art\u0131rabilir, maliyetleri d\u00fc\u015f\u00fcrebilir ve zaman kazanabilirler. Ayr\u0131ca, m\u00fc\u015fteri ili\u015fkileri y\u00f6netimi (CRM) entegrasyonu sayesinde, m\u00fc\u015fteri ili\u015fkilerini daha iyi y\u00f6netebilir ve m\u00fc\u015fteri memnuniyetini art\u0131rabilirler.<\/p><h4>G\u00fcvenlik ve G\u00fcvenilirlik<\/h4><p>Kurumsal web yaz\u0131l\u0131m\u0131, g\u00fcvenlik ve g\u00fcvenilirlik a\u00e7\u0131s\u0131ndan en \u00fcst d\u00fczeyde standartlara sahiptir. G\u00fcvenlik \u00f6nlemleri, veri g\u00fcvenli\u011fini sa\u011flar ve m\u00fc\u015fterilerinizin ki\u015fisel bilgilerinin korunmas\u0131n\u0131 garanti alt\u0131na al\u0131r. Ayr\u0131ca, y\u00fcksek eri\u015filebilirlik ve performans garantisi, m\u00fc\u015fterilerinizin web sitenize her zaman eri\u015febilmesini sa\u011flar.<\/p>\t\t\t\t\t\t<\/div>\n\t\t\t\t<\/div>\n\t\t\t\t\t<\/div>\n\t\t<\/div>\n\t\t\t\t\t<\/div>\n\t\t<\/section>\n\t\t\t\t<section class=\"elementor-section elementor-top-section elementor-element elementor-element-a173e45 elementor-section-boxed elementor-section-height-default elementor-section-height-default wpr-particle-no wpr-jarallax-no wpr-parallax-no wpr-sticky-section-no\" data-id=\"a173e45\" data-element_type=\"section\">\n\t\t\t\t\t\t<div class=\"elementor-container elementor-column-gap-default\">\n\t\t\t\t\t<div class=\"elementor-column elementor-col-100 elementor-top-column elementor-element elementor-element-de6e462\" data-id=\"de6e462\" data-element_type=\"column\">\n\t\t\t<div class=\"elementor-widget-wrap elementor-element-populated\">\n\t\t\t\t\t\t<div class=\"elementor-element elementor-element-58724be elementor-widget-divider--view-line elementor-widget elementor-widget-divider\" data-id=\"58724be\" data-element_type=\"widget\" data-widget_type=\"divider.default\">\n\t\t\t\t<div class=\"elementor-widget-container\">\n\t\t\t<style>\/*! elementor - v3.22.0 - 26-06-2024 *\/\n.elementor-widget-divider{--divider-border-style:none;--divider-border-width:1px;--divider-color:#0c0d0e;--divider-icon-size:20px;--divider-element-spacing:10px;--divider-pattern-height:24px;--divider-pattern-size:20px;--divider-pattern-url:none;--divider-pattern-repeat:repeat-x}.elementor-widget-divider .elementor-divider{display:flex}.elementor-widget-divider .elementor-divider__text{font-size:15px;line-height:1;max-width:95%}.elementor-widget-divider .elementor-divider__element{margin:0 var(--divider-element-spacing);flex-shrink:0}.elementor-widget-divider .elementor-icon{font-size:var(--divider-icon-size)}.elementor-widget-divider .elementor-divider-separator{display:flex;margin:0;direction:ltr}.elementor-widget-divider--view-line_icon .elementor-divider-separator,.elementor-widget-divider--view-line_text .elementor-divider-separator{align-items:center}.elementor-widget-divider--view-line_icon .elementor-divider-separator:after,.elementor-widget-divider--view-line_icon .elementor-divider-separator:before,.elementor-widget-divider--view-line_text .elementor-divider-separator:after,.elementor-widget-divider--view-line_text .elementor-divider-separator:before{display:block;content:\"\";border-block-end:0;flex-grow:1;border-block-start:var(--divider-border-width) var(--divider-border-style) var(--divider-color)}.elementor-widget-divider--element-align-left .elementor-divider .elementor-divider-separator>.elementor-divider__svg:first-of-type{flex-grow:0;flex-shrink:100}.elementor-widget-divider--element-align-left .elementor-divider-separator:before{content:none}.elementor-widget-divider--element-align-left .elementor-divider__element{margin-left:0}.elementor-widget-divider--element-align-right .elementor-divider .elementor-divider-separator>.elementor-divider__svg:last-of-type{flex-grow:0;flex-shrink:100}.elementor-widget-divider--element-align-right .elementor-divider-separator:after{content:none}.elementor-widget-divider--element-align-right .elementor-divider__element{margin-right:0}.elementor-widget-divider--element-align-start .elementor-divider .elementor-divider-separator>.elementor-divider__svg:first-of-type{flex-grow:0;flex-shrink:100}.elementor-widget-divider--element-align-start .elementor-divider-separator:before{content:none}.elementor-widget-divider--element-align-start .elementor-divider__element{margin-inline-start:0}.elementor-widget-divider--element-align-end .elementor-divider .elementor-divider-separator>.elementor-divider__svg:last-of-type{flex-grow:0;flex-shrink:100}.elementor-widget-divider--element-align-end .elementor-divider-separator:after{content:none}.elementor-widget-divider--element-align-end .elementor-divider__element{margin-inline-end:0}.elementor-widget-divider:not(.elementor-widget-divider--view-line_text):not(.elementor-widget-divider--view-line_icon) .elementor-divider-separator{border-block-start:var(--divider-border-width) var(--divider-border-style) var(--divider-color)}.elementor-widget-divider--separator-type-pattern{--divider-border-style:none}.elementor-widget-divider--separator-type-pattern.elementor-widget-divider--view-line .elementor-divider-separator,.elementor-widget-divider--separator-type-pattern:not(.elementor-widget-divider--view-line) .elementor-divider-separator:after,.elementor-widget-divider--separator-type-pattern:not(.elementor-widget-divider--view-line) .elementor-divider-separator:before,.elementor-widget-divider--separator-type-pattern:not([class*=elementor-widget-divider--view]) .elementor-divider-separator{width:100%;min-height:var(--divider-pattern-height);-webkit-mask-size:var(--divider-pattern-size) 100%;mask-size:var(--divider-pattern-size) 100%;-webkit-mask-repeat:var(--divider-pattern-repeat);mask-repeat:var(--divider-pattern-repeat);background-color:var(--divider-color);-webkit-mask-image:var(--divider-pattern-url);mask-image:var(--divider-pattern-url)}.elementor-widget-divider--no-spacing{--divider-pattern-size:auto}.elementor-widget-divider--bg-round{--divider-pattern-repeat:round}.rtl .elementor-widget-divider .elementor-divider__text{direction:rtl}.e-con-inner>.elementor-widget-divider,.e-con>.elementor-widget-divider{width:var(--container-widget-width,100%);--flex-grow:var(--container-widget-flex-grow)}<\/style>\t\t<div class=\"elementor-divider\">\n\t\t\t<span class=\"elementor-divider-separator\">\n\t\t\t\t\t\t<\/span>\n\t\t<\/div>\n\t\t\t\t<\/div>\n\t\t\t\t<\/div>\n\t\t\t\t\t<\/div>\n\t\t<\/div>\n\t\t\t\t\t<\/div>\n\t\t<\/section>\n\t\t\t\t<section class=\"elementor-section elementor-top-section elementor-element elementor-element-157b44a elementor-section-boxed elementor-section-height-default elementor-section-height-default wpr-particle-no wpr-jarallax-no wpr-parallax-no wpr-sticky-section-no\" data-id=\"157b44a\" data-element_type=\"section\" data-settings=\"{&quot;background_background&quot;:&quot;classic&quot;}\">\n\t\t\t\t\t\t<div class=\"elementor-container elementor-column-gap-default\">\n\t\t\t\t\t<div class=\"elementor-column elementor-col-100 elementor-top-column elementor-element elementor-element-7aace96\" data-id=\"7aace96\" data-element_type=\"column\">\n\t\t\t<div class=\"elementor-widget-wrap elementor-element-populated\">\n\t\t\t\t\t\t<div class=\"elementor-element elementor-element-9dfa1be elementor-widget elementor-widget-heading\" data-id=\"9dfa1be\" data-element_type=\"widget\" data-widget_type=\"heading.default\">\n\t\t\t\t<div class=\"elementor-widget-container\">\n\t\t\t<h2 class=\"elementor-heading-title elementor-size-default\">Kurumsal Dijital \u00c7\u00f6z\u00fcmler<\/h2>\t\t<\/div>\n\t\t\t\t<\/div>\n\t\t\t\t<div class=\"elementor-element elementor-element-7df6393 elementor-widget elementor-widget-heading\" data-id=\"7df6393\" data-element_type=\"widget\" data-widget_type=\"heading.default\">\n\t\t\t\t<div class=\"elementor-widget-container\">\n\t\t\t<h2 class=\"elementor-heading-title elementor-size-default\">elektronikmenu.org'dan Kurumsal Web Yaz\u0131l\u0131m\u0131 \u00c7\u00f6z\u00fcmleri\n<\/h2>\t\t<\/div>\n\t\t\t\t<\/div>\n\t\t\t\t<div class=\"elementor-element elementor-element-e9631e1 elementor-widget elementor-widget-text-editor\" data-id=\"e9631e1\" data-element_type=\"widget\" data-widget_type=\"text-editor.default\">\n\t\t\t\t<div class=\"elementor-widget-container\">\n\t\t\t\t\t\t\t<p>Internet Sitemiz olarak, m\u00fc\u015fterilerimize ihtiya\u00e7lar\u0131na uygun \u00e7e\u015fitli kurumsal web yaz\u0131l\u0131m\u0131 \u00e7\u00f6z\u00fcmleri sunuyoruz. G\u00fc\u00e7l\u00fc bir altyap\u0131ya sahip \u00f6zelle\u015ftirilebilir bir web yaz\u0131l\u0131m\u0131 platformu sunarak, m\u00fc\u015fterilerimizin kurumsal web sitelerini kolayca y\u00f6netmelerini sa\u011fl\u0131yoruz.<\/p><p>Kurumsal web yaz\u0131l\u0131m\u0131, modern i\u015fletmelerin dijital varl\u0131klar\u0131n\u0131 g\u00fc\u00e7lendirmek i\u00e7in kritik bir ara\u00e7t\u0131r. Internet Sitemiz&#8217;in g\u00fc\u00e7l\u00fc ve \u00f6zelle\u015ftirilebilir \u00e7\u00f6z\u00fcmleri ile i\u015fletmenizi dijital d\u00fcnyada g\u00fc\u00e7lendirebilir ve rekabet avantaj\u0131 elde edebilirsiniz.<\/p>\t\t\t\t\t\t<\/div>\n\t\t\t\t<\/div>\n\t\t\t\t\t<\/div>\n\t\t<\/div>\n\t\t\t\t\t<\/div>\n\t\t<\/section>\n\t\t\t\t<\/div>","protected":false},"excerpt":{"rendered":"<p>Kurumsal Web Yaz\u0131l\u0131m\u0131 \u0130nternet Sitemiz ile \u0130\u015fletmenizin Dijital Varl\u0131\u011f\u0131n\u0131 G\u00fc\u00e7lendirin Kurumsal Web Yaz\u0131l\u0131m\u0131 Kurumsal web yaz\u0131l\u0131m\u0131, modern i\u015fletmelerin dijital varl\u0131klar\u0131n\u0131 y\u00f6netmek ve b\u00fcy\u00fctmek i\u00e7in \u00f6nemli bir ara\u00e7 haline gelmi\u015ftir. Bu yaz\u0131l\u0131mlar, kurumsal firmalara \u00f6zel ihtiya\u00e7lar\u0131 kar\u015f\u0131lamak i\u00e7in \u00f6zelle\u015ftirilmi\u015f \u00e7\u00f6z\u00fcmler sunar ve i\u015fletmelerin \u00e7evrimi\u00e7i varl\u0131klar\u0131n\u0131 g\u00fc\u00e7lendirir. Teknoloji dijital ajans firmam\u0131z, Internet Sitemiz olarak, m\u00fc\u015fterilerimize kurumsal web [&hellip;]<\/p>","protected":false},"author":1,"featured_media":1283,"parent":1426,"menu_order":0,"comment_status":"closed","ping_status":"closed","template":"elementor_canvas","meta":{"footnotes":""},"class_list":["post-1292","page","type-page","status-publish","has-post-thumbnail","hentry"],"_links":{"self":[{"href":"https:\/\/www.internetsitemiz.com\/en\/wp-json\/wp\/v2\/pages\/1292","targetHints":{"allow":["GET"]}}],"collection":[{"href":"https:\/\/www.internetsitemiz.com\/en\/wp-json\/wp\/v2\/pages"}],"about":[{"href":"https:\/\/www.internetsitemiz.com\/en\/wp-json\/wp\/v2\/types\/page"}],"author":[{"embeddable":true,"href":"https:\/\/www.internetsitemiz.com\/en\/wp-json\/wp\/v2\/users\/1"}],"replies":[{"embeddable":true,"href":"https:\/\/www.internetsitemiz.com\/en\/wp-json\/wp\/v2\/comments?post=1292"}],"version-history":[{"count":11,"href":"https:\/\/www.internetsitemiz.com\/en\/wp-json\/wp\/v2\/pages\/1292\/revisions"}],"predecessor-version":[{"id":1863,"href":"https:\/\/www.internetsitemiz.com\/en\/wp-json\/wp\/v2\/pages\/1292\/revisions\/1863"}],"up":[{"embeddable":true,"href":"https:\/\/www.internetsitemiz.com\/en\/wp-json\/wp\/v2\/pages\/1426"}],"wp:featuredmedia":[{"embeddable":true,"href":"https:\/\/www.internetsitemiz.com\/en\/wp-json\/wp\/v2\/media\/1283"}],"wp:attachment":[{"href":"https:\/\/www.internetsitemiz.com\/en\/wp-json\/wp\/v2\/media?parent=1292"}],"curies":[{"name":"wp","href":"https:\/\/api.w.org\/{rel}","templated":true}]}}