{"id":1304,"date":"2024-05-01T14:15:29","date_gmt":"2024-05-01T11:15:29","guid":{"rendered":"https:\/\/elektronikmenu.org\/new\/?page_id=1304"},"modified":"2025-02-11T18:09:27","modified_gmt":"2025-02-11T15:09:27","slug":"mobil-uygulama-yazilimi","status":"publish","type":"page","link":"https:\/\/www.internetsitemiz.com\/ar\/web-yazilimi\/mobil-uygulama-yazilimi\/","title":{"rendered":"\u0628\u0631\u0627\u0645\u062c \u062a\u0637\u0628\u064a\u0642\u0627\u062a \u0627\u0644\u0647\u0627\u062a\u0641 \u0627\u0644\u0645\u062d\u0645\u0648\u0644"},"content":{"rendered":"<div data-elementor-type=\"wp-page\" data-elementor-id=\"1304\" class=\"elementor elementor-1304\">\n\t\t\t\t<div class=\"wpr-parallax-multi-layer\" scalar-speed=\"10\" direction=\"no\" style=\"overflow: hidden;\"><div data-depth=\"0.4\" style-top=\"12%\" style-left=\"60%\" class=\"wpr-parallax-ml-children elementor-repeater-item-471af14\"><img decoding=\"async\" src=\"https:\/\/www.internetsitemiz.com\/wp-content\/uploads\/2023\/04\/rectangle-1.png\"><\/div><div data-depth=\"0.4\" style-top=\"72%\" style-left=\"20%\" class=\"wpr-parallax-ml-children elementor-repeater-item-acf2ce0\"><img decoding=\"async\" src=\"https:\/\/www.internetsitemiz.com\/wp-content\/uploads\/2023\/04\/Polygon-1.png\"><\/div><\/div>\t\t<section class=\"elementor-section elementor-top-section elementor-element elementor-element-eaff33e wpr-parallax-yes elementor-section-boxed elementor-section-height-default elementor-section-height-default wpr-particle-no wpr-jarallax-no wpr-sticky-section-no\" data-id=\"eaff33e\" data-element_type=\"section\" data-settings=\"{&quot;background_background&quot;:&quot;gradient&quot;}\">\n\t\t\t\t\t\t\t<div class=\"elementor-background-overlay\"><\/div>\n\t\t\t\t\t\t\t<div class=\"elementor-container elementor-column-gap-default\">\n\t\t\t\t\t<div class=\"elementor-column elementor-col-100 elementor-top-column elementor-element elementor-element-c932e84\" data-id=\"c932e84\" data-element_type=\"column\">\n\t\t\t<div class=\"elementor-widget-wrap elementor-element-populated\">\n\t\t\t\t\t\t<div class=\"elementor-element elementor-element-c83b07e elementor-widget elementor-widget-heading\" data-id=\"c83b07e\" data-element_type=\"widget\" data-widget_type=\"heading.default\">\n\t\t\t\t<div class=\"elementor-widget-container\">\n\t\t\t<style>\/*! elementor - v3.22.0 - 26-06-2024 *\/\n.elementor-heading-title{padding:0;margin:0;line-height:1}.elementor-widget-heading .elementor-heading-title[class*=elementor-size-]>a{color:inherit;font-size:inherit;line-height:inherit}.elementor-widget-heading .elementor-heading-title.elementor-size-small{font-size:15px}.elementor-widget-heading .elementor-heading-title.elementor-size-medium{font-size:19px}.elementor-widget-heading .elementor-heading-title.elementor-size-large{font-size:29px}.elementor-widget-heading .elementor-heading-title.elementor-size-xl{font-size:39px}.elementor-widget-heading .elementor-heading-title.elementor-size-xxl{font-size:59px}<\/style><h1 class=\"elementor-heading-title elementor-size-default\">\u0628\u0631\u0627\u0645\u062c \u062a\u0637\u0628\u064a\u0642\u0627\u062a \u0627\u0644\u0647\u0627\u062a\u0641 \u0627\u0644\u0645\u062d\u0645\u0648\u0644<\/h1>\t\t<\/div>\n\t\t\t\t<\/div>\n\t\t\t\t\t<\/div>\n\t\t<\/div>\n\t\t\t\t\t<\/div>\n\t\t<\/section>\n\t\t\t\t<section class=\"elementor-section elementor-top-section elementor-element elementor-element-97e2d39 elementor-section-boxed elementor-section-height-default elementor-section-height-default wpr-particle-no wpr-jarallax-no wpr-parallax-no wpr-sticky-section-no\" data-id=\"97e2d39\" data-element_type=\"section\">\n\t\t\t\t\t\t<div class=\"elementor-container elementor-column-gap-wide\">\n\t\t\t\t\t<div class=\"elementor-column elementor-col-50 elementor-top-column elementor-element elementor-element-b09a974\" data-id=\"b09a974\" data-element_type=\"column\">\n\t\t\t<div class=\"elementor-widget-wrap elementor-element-populated\">\n\t\t\t\t\t\t<div class=\"elementor-element elementor-element-678f2e8 elementor-widget elementor-widget-image\" data-id=\"678f2e8\" data-element_type=\"widget\" data-widget_type=\"image.default\">\n\t\t\t\t<div class=\"elementor-widget-container\">\n\t\t\t<style>\/*! elementor - v3.22.0 - 26-06-2024 *\/\n.elementor-widget-image{text-align:center}.elementor-widget-image a{display:inline-block}.elementor-widget-image a img[src$=\".svg\"]{width:48px}.elementor-widget-image img{vertical-align:middle;display:inline-block}<\/style>\t\t\t\t\t\t\t\t\t\t<img fetchpriority=\"high\" decoding=\"async\" width=\"932\" height=\"779\" src=\"https:\/\/www.internetsitemiz.com\/wp-content\/uploads\/2023\/04\/Illustration-2.jpg\" class=\"attachment-large size-large wp-image-1098\" alt=\"website tasar\u0131m\u0131\" srcset=\"https:\/\/www.internetsitemiz.com\/wp-content\/uploads\/2023\/04\/Illustration-2.jpg 932w, https:\/\/www.internetsitemiz.com\/wp-content\/uploads\/2023\/04\/Illustration-2-300x251.jpg 300w, https:\/\/www.internetsitemiz.com\/wp-content\/uploads\/2023\/04\/Illustration-2-768x642.jpg 768w\" sizes=\"(max-width: 932px) 100vw, 932px\" \/>\t\t\t\t\t\t\t\t\t\t\t\t\t<\/div>\n\t\t\t\t<\/div>\n\t\t\t\t\t<\/div>\n\t\t<\/div>\n\t\t\t\t<div class=\"elementor-column elementor-col-50 elementor-top-column elementor-element elementor-element-2d358bf\" data-id=\"2d358bf\" data-element_type=\"column\">\n\t\t\t<div class=\"elementor-widget-wrap elementor-element-populated\">\n\t\t\t\t\t\t<div class=\"elementor-element elementor-element-a0aad9d elementor-widget elementor-widget-heading\" data-id=\"a0aad9d\" data-element_type=\"widget\" data-widget_type=\"heading.default\">\n\t\t\t\t<div class=\"elementor-widget-container\">\n\t\t\t<h2 class=\"elementor-heading-title elementor-size-default\">\u0130nternet Sitemiz ile Mobil Uygulama Yaz\u0131l\u0131m\u0131<\/h2>\t\t<\/div>\n\t\t\t\t<\/div>\n\t\t\t\t<div class=\"elementor-element elementor-element-a1e23e5 elementor-widget elementor-widget-heading\" data-id=\"a1e23e5\" data-element_type=\"widget\" data-widget_type=\"heading.default\">\n\t\t\t\t<div class=\"elementor-widget-container\">\n\t\t\t<h2 class=\"elementor-heading-title elementor-size-default\">Mobil Uygulama Avantajlar\u0131<\/h2>\t\t<\/div>\n\t\t\t\t<\/div>\n\t\t\t\t<div class=\"elementor-element elementor-element-cace139 elementor-widget elementor-widget-text-editor\" data-id=\"cace139\" data-element_type=\"widget\" data-widget_type=\"text-editor.default\">\n\t\t\t\t<div class=\"elementor-widget-container\">\n\t\t\t<style>\/*! elementor - v3.22.0 - 26-06-2024 *\/\n.elementor-widget-text-editor.elementor-drop-cap-view-stacked .elementor-drop-cap{background-color:#69727d;color:#fff}.elementor-widget-text-editor.elementor-drop-cap-view-framed .elementor-drop-cap{color:#69727d;border:3px solid;background-color:transparent}.elementor-widget-text-editor:not(.elementor-drop-cap-view-default) .elementor-drop-cap{margin-top:8px}.elementor-widget-text-editor:not(.elementor-drop-cap-view-default) .elementor-drop-cap-letter{width:1em;height:1em}.elementor-widget-text-editor .elementor-drop-cap{float:left;text-align:center;line-height:1;font-size:50px}.elementor-widget-text-editor .elementor-drop-cap-letter{display:inline-block}<\/style>\t\t\t\t<p>Mobil uygulama yaz\u0131l\u0131m\u0131, g\u00fcn\u00fcm\u00fcz i\u015fletmeleri i\u00e7in vazge\u00e7ilmez bir ara\u00e7 haline gelmi\u015ftir. Bu yaz\u0131l\u0131mlar, m\u00fc\u015fterilere kolay eri\u015fim sa\u011flar, marka sadakatini art\u0131r\u0131r, sat\u0131\u015flar\u0131 art\u0131r\u0131r ve i\u015fletme verimlili\u011fini art\u0131r\u0131r. Teknoloji dijital ajans firmam\u0131z, Internet Sitemiz olarak, m\u00fc\u015fterilerimize \u00f6zelle\u015ftirilmi\u015f mobil uygulama \u00e7\u00f6z\u00fcmleri sunuyoruz. \u0130\u015fte mobil uygulama yaz\u0131l\u0131m\u0131n\u0131n avantajlar\u0131 ve sundu\u011fumuz \u00e7\u00f6z\u00fcmler<\/p>\t\t\t\t\t\t<\/div>\n\t\t\t\t<\/div>\n\t\t\t\t<div class=\"elementor-element elementor-element-585d541 elementor-widget elementor-widget-text-editor\" data-id=\"585d541\" data-element_type=\"widget\" data-widget_type=\"text-editor.default\">\n\t\t\t\t<div class=\"elementor-widget-container\">\n\t\t\t\t\t\t\t<h4>Mobil Uygulaman\u0131n Avantajlar\u0131<\/h4><p>Mobil uygulama yaz\u0131l\u0131m\u0131, i\u015fletmelere bir dizi avantaj sa\u011flar:<\/p><p><strong>1. Kolay Eri\u015fim:<\/strong> M\u00fc\u015fteriler, her zaman ve her yerden i\u015fletmenize eri\u015febilirler. Mobil uygulama sayesinde, m\u00fc\u015fterilerinizle s\u00fcrekli ba\u011flant\u0131da kalabilir ve marka sadakatini art\u0131rabilirsiniz.<\/p><p><strong>2. Marka Sadakati:<\/strong> Mobil uygulama, m\u00fc\u015fterilerinizin markan\u0131za ba\u011fl\u0131l\u0131\u011f\u0131n\u0131 art\u0131r\u0131r. \u00d6zel teklifler, promosyonlar ve sadakat programlar\u0131 gibi \u00f6zelliklerle m\u00fc\u015fterilerinizi motive edebilir ve geri d\u00f6n\u00fc\u015f\u00fcm oranlar\u0131n\u0131 art\u0131rabilirsiniz.<\/p><p><strong>3. Sat\u0131\u015flar\u0131 Art\u0131rma:<\/strong> Mobil uygulama, sat\u0131\u015flar\u0131 art\u0131rmak i\u00e7in g\u00fc\u00e7l\u00fc bir ara\u00e7t\u0131r. H\u0131zl\u0131 ve kullan\u0131c\u0131 dostu bir al\u0131\u015fveri\u015f deneyimi sunarak, m\u00fc\u015fterilerinizi daha fazla al\u0131\u015fveri\u015f yapmaya te\u015fvik edebilirsiniz.<\/p><p><strong>4. \u0130\u015fletme Verimlili\u011fi:<\/strong> Mobil uygulama, i\u015fletme i\u00e7i s\u00fcre\u00e7leri ve ileti\u015fimi iyile\u015ftirir. Personel uygulamalar\u0131, envanter y\u00f6netimi ve sipari\u015f takibi gibi \u00f6zelliklerle i\u015fletme verimlili\u011fini art\u0131rabilirsiniz.<\/p>\t\t\t\t\t\t<\/div>\n\t\t\t\t<\/div>\n\t\t\t\t\t<\/div>\n\t\t<\/div>\n\t\t\t\t\t<\/div>\n\t\t<\/section>\n\t\t\t\t<section class=\"elementor-section elementor-top-section elementor-element elementor-element-22ddf3d elementor-section-boxed elementor-section-height-default elementor-section-height-default wpr-particle-no wpr-jarallax-no wpr-parallax-no wpr-sticky-section-no\" data-id=\"22ddf3d\" data-element_type=\"section\" data-settings=\"{&quot;background_background&quot;:&quot;classic&quot;}\">\n\t\t\t\t\t\t<div class=\"elementor-container elementor-column-gap-default\">\n\t\t\t\t\t<div class=\"elementor-column elementor-col-100 elementor-top-column elementor-element elementor-element-586e073\" data-id=\"586e073\" data-element_type=\"column\">\n\t\t\t<div class=\"elementor-widget-wrap elementor-element-populated\">\n\t\t\t\t\t\t<div class=\"elementor-element elementor-element-40526e7 elementor-widget elementor-widget-heading\" data-id=\"40526e7\" data-element_type=\"widget\" data-widget_type=\"heading.default\">\n\t\t\t\t<div class=\"elementor-widget-container\">\n\t\t\t<h2 class=\"elementor-heading-title elementor-size-default\">MOB\u0130L YAZILIM \u0130\u00c7\u0130N DO\u011eRU ADRESTES\u0130N\u0130Z<\/h2>\t\t<\/div>\n\t\t\t\t<\/div>\n\t\t\t\t<div class=\"elementor-element elementor-element-3dde8c4 elementor-widget elementor-widget-heading\" data-id=\"3dde8c4\" data-element_type=\"widget\" data-widget_type=\"heading.default\">\n\t\t\t\t<div class=\"elementor-widget-container\">\n\t\t\t<h2 class=\"elementor-heading-title elementor-size-default\">Mobil Uygulama i\u00e7in Uygulamalar<\/h2>\t\t<\/div>\n\t\t\t\t<\/div>\n\t\t\t\t<div class=\"elementor-element elementor-element-4f927e6 elementor-widget elementor-widget-text-editor\" data-id=\"4f927e6\" data-element_type=\"widget\" data-widget_type=\"text-editor.default\">\n\t\t\t\t<div class=\"elementor-widget-container\">\n\t\t\t\t\t\t\t<p>Mobil uygulama geli\u015ftirme s\u00fcrecinde, i\u015fletmenizin belirli adreslere dikkat etmesi \u00f6nemlidir:<\/p><p><strong>1. Kullan\u0131c\u0131 Deneyimi:<\/strong> Mobil uygulaman\u0131z\u0131n kullan\u0131c\u0131 dostu ve etkileyici bir deneyim sunmas\u0131 \u00f6nemlidir. Basit ve sezgisel bir aray\u00fcz, kullan\u0131c\u0131lar\u0131n uygulaman\u0131z\u0131 tercih etmesini sa\u011flar.<\/p><p><strong>2. Performans:<\/strong> Mobil uygulaman\u0131z\u0131n h\u0131zl\u0131 ve stabil \u00e7al\u0131\u015fmas\u0131 gerekmektedir. Uygulaman\u0131z\u0131n performans\u0131n\u0131 d\u00fczenli olarak test etmek ve gerekli iyile\u015ftirmeleri yapmak \u00f6nemlidir.<\/p><p><strong>3. G\u00fcvenlik:<\/strong> M\u00fc\u015fteri verilerinin g\u00fcvenli\u011fi b\u00fcy\u00fck \u00f6nem ta\u015f\u0131r. Mobil uygulaman\u0131z\u0131n g\u00fcvenlik \u00f6nlemlerini s\u00fcrekli olarak g\u00fcncellemek ve verileri korumak \u00f6nemlidir.<\/p><p><strong>4. Pazarlama ve Tan\u0131t\u0131m:<\/strong> Mobil uygulaman\u0131z\u0131 tan\u0131tmak ve pazarlamak i\u00e7in stratejik planlar geli\u015ftirmelisiniz. Sosyal medya, e-posta pazarlama ve di\u011fer dijital kanallar\u0131 kullanarak uygulaman\u0131z\u0131 tan\u0131tabilirsiniz.<\/p>\t\t\t\t\t\t<\/div>\n\t\t\t\t<\/div>\n\t\t\t\t\t<\/div>\n\t\t<\/div>\n\t\t\t\t\t<\/div>\n\t\t<\/section>\n\t\t\t\t<section class=\"elementor-section elementor-top-section elementor-element elementor-element-a173e45 elementor-section-boxed elementor-section-height-default elementor-section-height-default wpr-particle-no wpr-jarallax-no wpr-parallax-no wpr-sticky-section-no\" data-id=\"a173e45\" data-element_type=\"section\">\n\t\t\t\t\t\t<div class=\"elementor-container elementor-column-gap-default\">\n\t\t\t\t\t<div class=\"elementor-column elementor-col-100 elementor-top-column elementor-element elementor-element-de6e462\" data-id=\"de6e462\" data-element_type=\"column\">\n\t\t\t<div class=\"elementor-widget-wrap elementor-element-populated\">\n\t\t\t\t\t\t<div class=\"elementor-element elementor-element-58724be elementor-widget-divider--view-line elementor-widget elementor-widget-divider\" data-id=\"58724be\" data-element_type=\"widget\" data-widget_type=\"divider.default\">\n\t\t\t\t<div class=\"elementor-widget-container\">\n\t\t\t<style>\/*! elementor - v3.22.0 - 26-06-2024 *\/\n.elementor-widget-divider{--divider-border-style:none;--divider-border-width:1px;--divider-color:#0c0d0e;--divider-icon-size:20px;--divider-element-spacing:10px;--divider-pattern-height:24px;--divider-pattern-size:20px;--divider-pattern-url:none;--divider-pattern-repeat:repeat-x}.elementor-widget-divider .elementor-divider{display:flex}.elementor-widget-divider .elementor-divider__text{font-size:15px;line-height:1;max-width:95%}.elementor-widget-divider .elementor-divider__element{margin:0 var(--divider-element-spacing);flex-shrink:0}.elementor-widget-divider .elementor-icon{font-size:var(--divider-icon-size)}.elementor-widget-divider .elementor-divider-separator{display:flex;margin:0;direction:ltr}.elementor-widget-divider--view-line_icon .elementor-divider-separator,.elementor-widget-divider--view-line_text .elementor-divider-separator{align-items:center}.elementor-widget-divider--view-line_icon .elementor-divider-separator:after,.elementor-widget-divider--view-line_icon .elementor-divider-separator:before,.elementor-widget-divider--view-line_text .elementor-divider-separator:after,.elementor-widget-divider--view-line_text .elementor-divider-separator:before{display:block;content:\"\";border-block-end:0;flex-grow:1;border-block-start:var(--divider-border-width) var(--divider-border-style) var(--divider-color)}.elementor-widget-divider--element-align-left .elementor-divider .elementor-divider-separator>.elementor-divider__svg:first-of-type{flex-grow:0;flex-shrink:100}.elementor-widget-divider--element-align-left .elementor-divider-separator:before{content:none}.elementor-widget-divider--element-align-left .elementor-divider__element{margin-left:0}.elementor-widget-divider--element-align-right .elementor-divider .elementor-divider-separator>.elementor-divider__svg:last-of-type{flex-grow:0;flex-shrink:100}.elementor-widget-divider--element-align-right .elementor-divider-separator:after{content:none}.elementor-widget-divider--element-align-right .elementor-divider__element{margin-right:0}.elementor-widget-divider--element-align-start .elementor-divider .elementor-divider-separator>.elementor-divider__svg:first-of-type{flex-grow:0;flex-shrink:100}.elementor-widget-divider--element-align-start .elementor-divider-separator:before{content:none}.elementor-widget-divider--element-align-start .elementor-divider__element{margin-inline-start:0}.elementor-widget-divider--element-align-end .elementor-divider .elementor-divider-separator>.elementor-divider__svg:last-of-type{flex-grow:0;flex-shrink:100}.elementor-widget-divider--element-align-end .elementor-divider-separator:after{content:none}.elementor-widget-divider--element-align-end .elementor-divider__element{margin-inline-end:0}.elementor-widget-divider:not(.elementor-widget-divider--view-line_text):not(.elementor-widget-divider--view-line_icon) .elementor-divider-separator{border-block-start:var(--divider-border-width) var(--divider-border-style) var(--divider-color)}.elementor-widget-divider--separator-type-pattern{--divider-border-style:none}.elementor-widget-divider--separator-type-pattern.elementor-widget-divider--view-line .elementor-divider-separator,.elementor-widget-divider--separator-type-pattern:not(.elementor-widget-divider--view-line) .elementor-divider-separator:after,.elementor-widget-divider--separator-type-pattern:not(.elementor-widget-divider--view-line) .elementor-divider-separator:before,.elementor-widget-divider--separator-type-pattern:not([class*=elementor-widget-divider--view]) .elementor-divider-separator{width:100%;min-height:var(--divider-pattern-height);-webkit-mask-size:var(--divider-pattern-size) 100%;mask-size:var(--divider-pattern-size) 100%;-webkit-mask-repeat:var(--divider-pattern-repeat);mask-repeat:var(--divider-pattern-repeat);background-color:var(--divider-color);-webkit-mask-image:var(--divider-pattern-url);mask-image:var(--divider-pattern-url)}.elementor-widget-divider--no-spacing{--divider-pattern-size:auto}.elementor-widget-divider--bg-round{--divider-pattern-repeat:round}.rtl .elementor-widget-divider .elementor-divider__text{direction:rtl}.e-con-inner>.elementor-widget-divider,.e-con>.elementor-widget-divider{width:var(--container-widget-width,100%);--flex-grow:var(--container-widget-flex-grow)}<\/style>\t\t<div class=\"elementor-divider\">\n\t\t\t<span class=\"elementor-divider-separator\">\n\t\t\t\t\t\t<\/span>\n\t\t<\/div>\n\t\t\t\t<\/div>\n\t\t\t\t<\/div>\n\t\t\t\t\t<\/div>\n\t\t<\/div>\n\t\t\t\t\t<\/div>\n\t\t<\/section>\n\t\t\t\t<section class=\"elementor-section elementor-top-section elementor-element elementor-element-157b44a elementor-section-boxed elementor-section-height-default elementor-section-height-default wpr-particle-no wpr-jarallax-no wpr-parallax-no wpr-sticky-section-no\" data-id=\"157b44a\" data-element_type=\"section\" data-settings=\"{&quot;background_background&quot;:&quot;classic&quot;}\">\n\t\t\t\t\t\t<div class=\"elementor-container elementor-column-gap-default\">\n\t\t\t\t\t<div class=\"elementor-column elementor-col-100 elementor-top-column elementor-element elementor-element-7aace96\" data-id=\"7aace96\" data-element_type=\"column\">\n\t\t\t<div class=\"elementor-widget-wrap elementor-element-populated\">\n\t\t\t\t\t\t<div class=\"elementor-element elementor-element-9dfa1be elementor-widget elementor-widget-heading\" data-id=\"9dfa1be\" data-element_type=\"widget\" data-widget_type=\"heading.default\">\n\t\t\t\t<div class=\"elementor-widget-container\">\n\t\t\t<h2 class=\"elementor-heading-title elementor-size-default\">Mobil Uygulama \u00c7\u00f6z\u00fcmleri<\/h2>\t\t<\/div>\n\t\t\t\t<\/div>\n\t\t\t\t<div class=\"elementor-element elementor-element-7df6393 elementor-widget elementor-widget-heading\" data-id=\"7df6393\" data-element_type=\"widget\" data-widget_type=\"heading.default\">\n\t\t\t\t<div class=\"elementor-widget-container\">\n\t\t\t<h2 class=\"elementor-heading-title elementor-size-default\">Dijital \u00c7a\u011f\u0131n Gereklili\u011fi Mobil Uygulama\n<\/h2>\t\t<\/div>\n\t\t\t\t<\/div>\n\t\t\t\t<div class=\"elementor-element elementor-element-e9631e1 elementor-widget elementor-widget-text-editor\" data-id=\"e9631e1\" data-element_type=\"widget\" data-widget_type=\"text-editor.default\">\n\t\t\t\t<div class=\"elementor-widget-container\">\n\t\t\t\t\t\t\t<p>G\u00fcn\u00fcm\u00fczde, mobil uygulamalar\u0131n i\u015fletmeler i\u00e7in bir gereklilik haline geldi\u011fi a\u00e7\u0131kt\u0131r. M\u00fc\u015fteriler, \u00e7o\u011funlukla mobil cihazlar\u0131n\u0131 kullanarak al\u0131\u015fveri\u015f yaparlar ve hizmetlere eri\u015firler. Bu nedenle, i\u015fletmelerin mobil uygulamalarla g\u00fc\u00e7l\u00fc bir \u00e7evrimi\u00e7i varl\u0131k olu\u015fturmas\u0131 \u00f6nemlidir.<\/p><h4>Internet Sitemiz&#8217;in Mobil Uygulama Yaz\u0131l\u0131m\u0131 \u00c7\u00f6z\u00fcmleri<\/h4><p>Internet Sitemiz olarak, m\u00fc\u015fterilerimize \u00f6zelle\u015ftirilmi\u015f mobil uygulama yaz\u0131l\u0131m\u0131 \u00e7\u00f6z\u00fcmleri sunuyoruz. G\u00fc\u00e7l\u00fc bir altyap\u0131ya sahip, kullan\u0131c\u0131 dostu ve \u00f6zelle\u015ftirilebilir bir platform sunarak, m\u00fc\u015fterilerimizin i\u015fletme ihtiya\u00e7lar\u0131na uygun \u00e7\u00f6z\u00fcmler sunuyoruz.<\/p><p>Mobil uygulama yaz\u0131l\u0131m\u0131, i\u015fletmelerin dijital d\u00f6n\u00fc\u015f\u00fcm\u00fcnde \u00f6nemli bir rol oynar. Internet Sitemiz&#8217;in g\u00fc\u00e7l\u00fc ve \u00f6zelle\u015ftirilebilir \u00e7\u00f6z\u00fcmleri ile i\u015fletmenizi mobil d\u00fcnyada g\u00fc\u00e7lendirebilir ve rekabet avantaj\u0131 elde edebilirsiniz.<\/p>\t\t\t\t\t\t<\/div>\n\t\t\t\t<\/div>\n\t\t\t\t\t<\/div>\n\t\t<\/div>\n\t\t\t\t\t<\/div>\n\t\t<\/section>\n\t\t\t\t<\/div>","protected":false},"excerpt":{"rendered":"<p>Mobil Uygulama Yaz\u0131l\u0131m\u0131 \u0130nternet Sitemiz ile Mobil Uygulama Yaz\u0131l\u0131m\u0131 Mobil Uygulama Avantajlar\u0131 Mobil uygulama yaz\u0131l\u0131m\u0131, g\u00fcn\u00fcm\u00fcz i\u015fletmeleri i\u00e7in vazge\u00e7ilmez bir ara\u00e7 haline gelmi\u015ftir. Bu yaz\u0131l\u0131mlar, m\u00fc\u015fterilere kolay eri\u015fim sa\u011flar, marka sadakatini art\u0131r\u0131r, sat\u0131\u015flar\u0131 art\u0131r\u0131r ve i\u015fletme verimlili\u011fini art\u0131r\u0131r. Teknoloji dijital ajans firmam\u0131z, Internet Sitemiz olarak, m\u00fc\u015fterilerimize \u00f6zelle\u015ftirilmi\u015f mobil uygulama \u00e7\u00f6z\u00fcmleri sunuyoruz. \u0130\u015fte mobil uygulama yaz\u0131l\u0131m\u0131n\u0131n [&hellip;]<\/p>","protected":false},"author":1,"featured_media":1283,"parent":1426,"menu_order":0,"comment_status":"closed","ping_status":"closed","template":"elementor_canvas","meta":{"footnotes":""},"class_list":["post-1304","page","type-page","status-publish","has-post-thumbnail","hentry"],"_links":{"self":[{"href":"https:\/\/www.internetsitemiz.com\/ar\/wp-json\/wp\/v2\/pages\/1304","targetHints":{"allow":["GET"]}}],"collection":[{"href":"https:\/\/www.internetsitemiz.com\/ar\/wp-json\/wp\/v2\/pages"}],"about":[{"href":"https:\/\/www.internetsitemiz.com\/ar\/wp-json\/wp\/v2\/types\/page"}],"author":[{"embeddable":true,"href":"https:\/\/www.internetsitemiz.com\/ar\/wp-json\/wp\/v2\/users\/1"}],"replies":[{"embeddable":true,"href":"https:\/\/www.internetsitemiz.com\/ar\/wp-json\/wp\/v2\/comments?post=1304"}],"version-history":[{"count":11,"href":"https:\/\/www.internetsitemiz.com\/ar\/wp-json\/wp\/v2\/pages\/1304\/revisions"}],"predecessor-version":[{"id":1866,"href":"https:\/\/www.internetsitemiz.com\/ar\/wp-json\/wp\/v2\/pages\/1304\/revisions\/1866"}],"up":[{"embeddable":true,"href":"https:\/\/www.internetsitemiz.com\/ar\/wp-json\/wp\/v2\/pages\/1426"}],"wp:featuredmedia":[{"embeddable":true,"href":"https:\/\/www.internetsitemiz.com\/ar\/wp-json\/wp\/v2\/media\/1283"}],"wp:attachment":[{"href":"https:\/\/www.internetsitemiz.com\/ar\/wp-json\/wp\/v2\/media?parent=1304"}],"curies":[{"name":"wp","href":"https:\/\/api.w.org\/{rel}","templated":true}]}}