{"id":1301,"date":"2024-05-01T14:14:30","date_gmt":"2024-05-01T11:14:30","guid":{"rendered":"https:\/\/elektronikmenu.org\/new\/?page_id=1301"},"modified":"2025-02-11T18:09:44","modified_gmt":"2025-02-11T15:09:44","slug":"stok-takibi-yazilimi","status":"publish","type":"page","link":"https:\/\/www.internetsitemiz.com\/ar\/web-yazilimi\/stok-takibi-yazilimi\/","title":{"rendered":"\u062a\u062a\u0628\u0639 \u0627\u0644\u0645\u062e\u0632\u0648\u0646 \u0639\u0628\u0631 \u0627\u0644\u0625\u0646\u062a\u0631\u0646\u062a"},"content":{"rendered":"<div data-elementor-type=\"wp-page\" data-elementor-id=\"1301\" class=\"elementor elementor-1301\">\n\t\t\t\t<div class=\"wpr-parallax-multi-layer\" scalar-speed=\"10\" direction=\"no\" style=\"overflow: hidden;\"><div data-depth=\"0.4\" style-top=\"12%\" style-left=\"60%\" class=\"wpr-parallax-ml-children elementor-repeater-item-471af14\"><img decoding=\"async\" src=\"https:\/\/www.internetsitemiz.com\/wp-content\/uploads\/2023\/04\/rectangle-1.png\"><\/div><div data-depth=\"0.4\" style-top=\"72%\" style-left=\"20%\" class=\"wpr-parallax-ml-children elementor-repeater-item-acf2ce0\"><img decoding=\"async\" src=\"https:\/\/www.internetsitemiz.com\/wp-content\/uploads\/2023\/04\/Polygon-1.png\"><\/div><\/div>\t\t<section class=\"elementor-section elementor-top-section elementor-element elementor-element-eaff33e wpr-parallax-yes elementor-section-boxed elementor-section-height-default elementor-section-height-default wpr-particle-no wpr-jarallax-no wpr-sticky-section-no\" data-id=\"eaff33e\" data-element_type=\"section\" data-settings=\"{&quot;background_background&quot;:&quot;gradient&quot;}\">\n\t\t\t\t\t\t\t<div class=\"elementor-background-overlay\"><\/div>\n\t\t\t\t\t\t\t<div class=\"elementor-container elementor-column-gap-default\">\n\t\t\t\t\t<div class=\"elementor-column elementor-col-100 elementor-top-column elementor-element elementor-element-c932e84\" data-id=\"c932e84\" data-element_type=\"column\">\n\t\t\t<div class=\"elementor-widget-wrap elementor-element-populated\">\n\t\t\t\t\t\t<div class=\"elementor-element elementor-element-c83b07e elementor-widget elementor-widget-heading\" data-id=\"c83b07e\" data-element_type=\"widget\" data-widget_type=\"heading.default\">\n\t\t\t\t<div class=\"elementor-widget-container\">\n\t\t\t<style>\/*! elementor - v3.22.0 - 26-06-2024 *\/\n.elementor-heading-title{padding:0;margin:0;line-height:1}.elementor-widget-heading .elementor-heading-title[class*=elementor-size-]>a{color:inherit;font-size:inherit;line-height:inherit}.elementor-widget-heading .elementor-heading-title.elementor-size-small{font-size:15px}.elementor-widget-heading .elementor-heading-title.elementor-size-medium{font-size:19px}.elementor-widget-heading .elementor-heading-title.elementor-size-large{font-size:29px}.elementor-widget-heading .elementor-heading-title.elementor-size-xl{font-size:39px}.elementor-widget-heading .elementor-heading-title.elementor-size-xxl{font-size:59px}<\/style><h1 class=\"elementor-heading-title elementor-size-default\">\u062a\u062a\u0628\u0639 \u0627\u0644\u0645\u062e\u0632\u0648\u0646 \u0639\u0628\u0631 \u0627\u0644\u0625\u0646\u062a\u0631\u0646\u062a<\/h1>\t\t<\/div>\n\t\t\t\t<\/div>\n\t\t\t\t\t<\/div>\n\t\t<\/div>\n\t\t\t\t\t<\/div>\n\t\t<\/section>\n\t\t\t\t<section class=\"elementor-section elementor-top-section elementor-element elementor-element-97e2d39 elementor-section-boxed elementor-section-height-default elementor-section-height-default wpr-particle-no wpr-jarallax-no wpr-parallax-no wpr-sticky-section-no\" data-id=\"97e2d39\" data-element_type=\"section\">\n\t\t\t\t\t\t<div class=\"elementor-container elementor-column-gap-wide\">\n\t\t\t\t\t<div class=\"elementor-column elementor-col-50 elementor-top-column elementor-element elementor-element-b09a974\" data-id=\"b09a974\" data-element_type=\"column\">\n\t\t\t<div class=\"elementor-widget-wrap elementor-element-populated\">\n\t\t\t\t\t\t<div class=\"elementor-element elementor-element-678f2e8 elementor-widget elementor-widget-image\" data-id=\"678f2e8\" data-element_type=\"widget\" data-widget_type=\"image.default\">\n\t\t\t\t<div class=\"elementor-widget-container\">\n\t\t\t<style>\/*! elementor - v3.22.0 - 26-06-2024 *\/\n.elementor-widget-image{text-align:center}.elementor-widget-image a{display:inline-block}.elementor-widget-image a img[src$=\".svg\"]{width:48px}.elementor-widget-image img{vertical-align:middle;display:inline-block}<\/style>\t\t\t\t\t\t\t\t\t\t<img fetchpriority=\"high\" decoding=\"async\" width=\"960\" height=\"872\" src=\"https:\/\/www.internetsitemiz.com\/wp-content\/uploads\/2024\/04\/eticaret-2-1024x930.png\" class=\"attachment-large size-large wp-image-1180\" alt=\"web yaz\u0131l\u0131m\u0131\" srcset=\"https:\/\/www.internetsitemiz.com\/wp-content\/uploads\/2024\/04\/eticaret-2-1024x930.png 1024w, https:\/\/www.internetsitemiz.com\/wp-content\/uploads\/2024\/04\/eticaret-2-300x272.png 300w, https:\/\/www.internetsitemiz.com\/wp-content\/uploads\/2024\/04\/eticaret-2-768x698.png 768w, https:\/\/www.internetsitemiz.com\/wp-content\/uploads\/2024\/04\/eticaret-2.png 1417w\" sizes=\"(max-width: 960px) 100vw, 960px\" \/>\t\t\t\t\t\t\t\t\t\t\t\t\t<\/div>\n\t\t\t\t<\/div>\n\t\t\t\t\t<\/div>\n\t\t<\/div>\n\t\t\t\t<div class=\"elementor-column elementor-col-50 elementor-top-column elementor-element elementor-element-2d358bf\" data-id=\"2d358bf\" data-element_type=\"column\">\n\t\t\t<div class=\"elementor-widget-wrap elementor-element-populated\">\n\t\t\t\t\t\t<div class=\"elementor-element elementor-element-a0aad9d elementor-widget elementor-widget-heading\" data-id=\"a0aad9d\" data-element_type=\"widget\" data-widget_type=\"heading.default\">\n\t\t\t\t<div class=\"elementor-widget-container\">\n\t\t\t<h2 class=\"elementor-heading-title elementor-size-default\">Stok Takibi Yaz\u0131l\u0131m\u0131 Dijital Kolayl\u0131k<\/h2>\t\t<\/div>\n\t\t\t\t<\/div>\n\t\t\t\t<div class=\"elementor-element elementor-element-a1e23e5 elementor-widget elementor-widget-heading\" data-id=\"a1e23e5\" data-element_type=\"widget\" data-widget_type=\"heading.default\">\n\t\t\t\t<div class=\"elementor-widget-container\">\n\t\t\t<h2 class=\"elementor-heading-title elementor-size-default\">Stok Takibi Yaz\u0131l\u0131m\u0131 Avantajlar\u0131<\/h2>\t\t<\/div>\n\t\t\t\t<\/div>\n\t\t\t\t<div class=\"elementor-element elementor-element-cace139 elementor-widget elementor-widget-text-editor\" data-id=\"cace139\" data-element_type=\"widget\" data-widget_type=\"text-editor.default\">\n\t\t\t\t<div class=\"elementor-widget-container\">\n\t\t\t<style>\/*! elementor - v3.22.0 - 26-06-2024 *\/\n.elementor-widget-text-editor.elementor-drop-cap-view-stacked .elementor-drop-cap{background-color:#69727d;color:#fff}.elementor-widget-text-editor.elementor-drop-cap-view-framed .elementor-drop-cap{color:#69727d;border:3px solid;background-color:transparent}.elementor-widget-text-editor:not(.elementor-drop-cap-view-default) .elementor-drop-cap{margin-top:8px}.elementor-widget-text-editor:not(.elementor-drop-cap-view-default) .elementor-drop-cap-letter{width:1em;height:1em}.elementor-widget-text-editor .elementor-drop-cap{float:left;text-align:center;line-height:1;font-size:50px}.elementor-widget-text-editor .elementor-drop-cap-letter{display:inline-block}<\/style>\t\t\t\t<p>Stok takibi yaz\u0131l\u0131m\u0131, i\u015fletmelerin envanter y\u00f6netimini optimize etmek ve verimlili\u011fi art\u0131rmak i\u00e7in kullan\u0131lan \u00f6nemli bir ara\u00e7t\u0131r. Bu yaz\u0131l\u0131mlar, stok hareketlerini izlemek, sto\u011fu optimize etmek ve i\u015fletmenin genel performans\u0131n\u0131 iyile\u015ftirmek i\u00e7in \u00e7e\u015fitli \u00f6zellikler sunar. Teknoloji dijital ajans firmam\u0131z, Internet Sitemiz olarak, m\u00fc\u015fterilerimize \u00f6zelle\u015ftirilmi\u015f stok takibi yaz\u0131l\u0131m\u0131 \u00e7\u00f6z\u00fcmleri sunmaktay\u0131z. \u0130\u015fte stok takibi yaz\u0131l\u0131m\u0131n\u0131n avantajlar\u0131 ve sundu\u011fumuz \u00e7\u00f6z\u00fcmler<\/p>\t\t\t\t\t\t<\/div>\n\t\t\t\t<\/div>\n\t\t\t\t<div class=\"elementor-element elementor-element-0e20ea8 elementor-widget elementor-widget-text-editor\" data-id=\"0e20ea8\" data-element_type=\"widget\" data-widget_type=\"text-editor.default\">\n\t\t\t\t<div class=\"elementor-widget-container\">\n\t\t\t\t\t\t\t<h4>Stok Takibi Yaz\u0131l\u0131m\u0131n\u0131n Avantajlar\u0131<\/h4><p>Stok takibi yaz\u0131l\u0131m\u0131, i\u015fletmelere bir dizi avantaj sa\u011flar:<\/p><p><strong>1. Verimlilik Art\u0131\u015f\u0131:<\/strong> Otomatik stok takibi ve envanter y\u00f6netimi sayesinde i\u015fletmelerin verimlili\u011fi artar. Manuel i\u015flemlerin azalmas\u0131 ve veri analizi yetenekleri, i\u015fletmenin operasyonel verimlili\u011fini art\u0131r\u0131r.<\/p><p><strong>2. Maliyet Tasarrufu:<\/strong> Do\u011fru stok y\u00f6netimi, gereksiz envanter maliyetlerini azalt\u0131r ve kaynaklar\u0131n daha etkili bir \u015fekilde kullan\u0131lmas\u0131n\u0131 sa\u011flar. Stok takibi yaz\u0131l\u0131m\u0131, sipari\u015flerin zaman\u0131nda verilmesini ve stok seviyelerinin optimize edilmesini sa\u011flar.<\/p><p><strong>3. Hata Azaltma:<\/strong> Otomatik veri giri\u015fi ve do\u011frulama \u00f6zellikleri, hata yapma olas\u0131l\u0131\u011f\u0131n\u0131 azalt\u0131r. Yanl\u0131\u015f sipari\u015fler, stok eksiklikleri ve fazlal\u0131klar gibi hatalar\u0131n \u00f6nlenmesi, i\u015fletmenin verimlili\u011fini art\u0131r\u0131r.<\/p><p><strong>4. M\u00fc\u015fteri Memnuniyeti:<\/strong> Do\u011fru stok y\u00f6netimi, m\u00fc\u015fteri taleplerini kar\u015f\u0131lama kapasitesini art\u0131r\u0131r. M\u00fc\u015fterilerin istedikleri \u00fcr\u00fcnleri zaman\u0131nda ve eksiksiz bir \u015fekilde alabilmeleri, m\u00fc\u015fteri memnuniyetini art\u0131r\u0131r.<\/p>\t\t\t\t\t\t<\/div>\n\t\t\t\t<\/div>\n\t\t\t\t\t<\/div>\n\t\t<\/div>\n\t\t\t\t\t<\/div>\n\t\t<\/section>\n\t\t\t\t<section class=\"elementor-section elementor-top-section elementor-element elementor-element-22ddf3d elementor-section-boxed elementor-section-height-default elementor-section-height-default wpr-particle-no wpr-jarallax-no wpr-parallax-no wpr-sticky-section-no\" data-id=\"22ddf3d\" data-element_type=\"section\" data-settings=\"{&quot;background_background&quot;:&quot;classic&quot;}\">\n\t\t\t\t\t\t<div class=\"elementor-container elementor-column-gap-default\">\n\t\t\t\t\t<div class=\"elementor-column elementor-col-100 elementor-top-column elementor-element elementor-element-586e073\" data-id=\"586e073\" data-element_type=\"column\">\n\t\t\t<div class=\"elementor-widget-wrap elementor-element-populated\">\n\t\t\t\t\t\t<div class=\"elementor-element elementor-element-40526e7 elementor-widget elementor-widget-heading\" data-id=\"40526e7\" data-element_type=\"widget\" data-widget_type=\"heading.default\">\n\t\t\t\t<div class=\"elementor-widget-container\">\n\t\t\t<h2 class=\"elementor-heading-title elementor-size-default\">Stok Takibi Yaz\u0131l\u0131m\u0131 \u00d6zellikleri<\/h2>\t\t<\/div>\n\t\t\t\t<\/div>\n\t\t\t\t<div class=\"elementor-element elementor-element-3dde8c4 elementor-widget elementor-widget-heading\" data-id=\"3dde8c4\" data-element_type=\"widget\" data-widget_type=\"heading.default\">\n\t\t\t\t<div class=\"elementor-widget-container\">\n\t\t\t<h2 class=\"elementor-heading-title elementor-size-default\">Stok Takibi Yaz\u0131l\u0131m\u0131 i\u00e7in Uygulama<\/h2>\t\t<\/div>\n\t\t\t\t<\/div>\n\t\t\t\t<div class=\"elementor-element elementor-element-4f927e6 elementor-widget elementor-widget-text-editor\" data-id=\"4f927e6\" data-element_type=\"widget\" data-widget_type=\"text-editor.default\">\n\t\t\t\t<div class=\"elementor-widget-container\">\n\t\t\t\t\t\t\t<p>Stok takibi yaz\u0131l\u0131m\u0131 geli\u015ftirme s\u00fcrecinde, i\u015fletmenin belirli ad\u0131mlar\u0131 atmas\u0131 gerekmektedir:<\/p><p><strong>1. \u0130htiya\u00e7 Analizi:<\/strong> \u0130\u015fletmenin stok y\u00f6netimi s\u00fcre\u00e7lerini analiz etmek ve ihtiya\u00e7lar\u0131 belirlemek \u00f6nemlidir. Hangi \u00f6zelliklerin gereksinim duyuldu\u011fu ve nas\u0131l bir \u00e7\u00f6z\u00fcm\u00fcn i\u015fletmeye en uygun oldu\u011fu belirlenmelidir.<\/p><p><strong>2. \u00d6zelle\u015ftirme:<\/strong> Stok takibi yaz\u0131l\u0131m\u0131n\u0131n i\u015fletmenin \u00f6zel gereksinimlerine uygun olarak \u00f6zelle\u015ftirilmesi \u00f6nemlidir. \u00d6zel raporlama gereksinimleri, entegrasyonlar ve kullan\u0131c\u0131 aray\u00fcz\u00fc tasar\u0131m\u0131 gibi \u00f6zellikler dikkate al\u0131nmal\u0131d\u0131r.<\/p><p><strong>3. E\u011fitim ve Destek:<\/strong> Yaz\u0131l\u0131m\u0131n kullan\u0131lmas\u0131 ve i\u015fletme personelinin e\u011fitilmesi \u00f6nemlidir. Ayr\u0131ca, s\u00fcrekli teknik destek ve g\u00fcncelleme sa\u011flanmal\u0131d\u0131r.<\/p>\t\t\t\t\t\t<\/div>\n\t\t\t\t<\/div>\n\t\t\t\t\t<\/div>\n\t\t<\/div>\n\t\t\t\t\t<\/div>\n\t\t<\/section>\n\t\t\t\t<section class=\"elementor-section elementor-top-section elementor-element elementor-element-a173e45 elementor-section-boxed elementor-section-height-default elementor-section-height-default wpr-particle-no wpr-jarallax-no wpr-parallax-no wpr-sticky-section-no\" data-id=\"a173e45\" data-element_type=\"section\">\n\t\t\t\t\t\t<div class=\"elementor-container elementor-column-gap-default\">\n\t\t\t\t\t<div class=\"elementor-column elementor-col-100 elementor-top-column elementor-element elementor-element-de6e462\" data-id=\"de6e462\" data-element_type=\"column\">\n\t\t\t<div class=\"elementor-widget-wrap elementor-element-populated\">\n\t\t\t\t\t\t<div class=\"elementor-element elementor-element-58724be elementor-widget-divider--view-line elementor-widget elementor-widget-divider\" data-id=\"58724be\" data-element_type=\"widget\" data-widget_type=\"divider.default\">\n\t\t\t\t<div class=\"elementor-widget-container\">\n\t\t\t<style>\/*! elementor - v3.22.0 - 26-06-2024 *\/\n.elementor-widget-divider{--divider-border-style:none;--divider-border-width:1px;--divider-color:#0c0d0e;--divider-icon-size:20px;--divider-element-spacing:10px;--divider-pattern-height:24px;--divider-pattern-size:20px;--divider-pattern-url:none;--divider-pattern-repeat:repeat-x}.elementor-widget-divider .elementor-divider{display:flex}.elementor-widget-divider .elementor-divider__text{font-size:15px;line-height:1;max-width:95%}.elementor-widget-divider .elementor-divider__element{margin:0 var(--divider-element-spacing);flex-shrink:0}.elementor-widget-divider .elementor-icon{font-size:var(--divider-icon-size)}.elementor-widget-divider .elementor-divider-separator{display:flex;margin:0;direction:ltr}.elementor-widget-divider--view-line_icon .elementor-divider-separator,.elementor-widget-divider--view-line_text .elementor-divider-separator{align-items:center}.elementor-widget-divider--view-line_icon .elementor-divider-separator:after,.elementor-widget-divider--view-line_icon .elementor-divider-separator:before,.elementor-widget-divider--view-line_text .elementor-divider-separator:after,.elementor-widget-divider--view-line_text .elementor-divider-separator:before{display:block;content:\"\";border-block-end:0;flex-grow:1;border-block-start:var(--divider-border-width) var(--divider-border-style) var(--divider-color)}.elementor-widget-divider--element-align-left .elementor-divider .elementor-divider-separator>.elementor-divider__svg:first-of-type{flex-grow:0;flex-shrink:100}.elementor-widget-divider--element-align-left .elementor-divider-separator:before{content:none}.elementor-widget-divider--element-align-left .elementor-divider__element{margin-left:0}.elementor-widget-divider--element-align-right .elementor-divider .elementor-divider-separator>.elementor-divider__svg:last-of-type{flex-grow:0;flex-shrink:100}.elementor-widget-divider--element-align-right .elementor-divider-separator:after{content:none}.elementor-widget-divider--element-align-right .elementor-divider__element{margin-right:0}.elementor-widget-divider--element-align-start .elementor-divider .elementor-divider-separator>.elementor-divider__svg:first-of-type{flex-grow:0;flex-shrink:100}.elementor-widget-divider--element-align-start .elementor-divider-separator:before{content:none}.elementor-widget-divider--element-align-start .elementor-divider__element{margin-inline-start:0}.elementor-widget-divider--element-align-end .elementor-divider .elementor-divider-separator>.elementor-divider__svg:last-of-type{flex-grow:0;flex-shrink:100}.elementor-widget-divider--element-align-end .elementor-divider-separator:after{content:none}.elementor-widget-divider--element-align-end .elementor-divider__element{margin-inline-end:0}.elementor-widget-divider:not(.elementor-widget-divider--view-line_text):not(.elementor-widget-divider--view-line_icon) .elementor-divider-separator{border-block-start:var(--divider-border-width) var(--divider-border-style) var(--divider-color)}.elementor-widget-divider--separator-type-pattern{--divider-border-style:none}.elementor-widget-divider--separator-type-pattern.elementor-widget-divider--view-line .elementor-divider-separator,.elementor-widget-divider--separator-type-pattern:not(.elementor-widget-divider--view-line) .elementor-divider-separator:after,.elementor-widget-divider--separator-type-pattern:not(.elementor-widget-divider--view-line) .elementor-divider-separator:before,.elementor-widget-divider--separator-type-pattern:not([class*=elementor-widget-divider--view]) .elementor-divider-separator{width:100%;min-height:var(--divider-pattern-height);-webkit-mask-size:var(--divider-pattern-size) 100%;mask-size:var(--divider-pattern-size) 100%;-webkit-mask-repeat:var(--divider-pattern-repeat);mask-repeat:var(--divider-pattern-repeat);background-color:var(--divider-color);-webkit-mask-image:var(--divider-pattern-url);mask-image:var(--divider-pattern-url)}.elementor-widget-divider--no-spacing{--divider-pattern-size:auto}.elementor-widget-divider--bg-round{--divider-pattern-repeat:round}.rtl .elementor-widget-divider .elementor-divider__text{direction:rtl}.e-con-inner>.elementor-widget-divider,.e-con>.elementor-widget-divider{width:var(--container-widget-width,100%);--flex-grow:var(--container-widget-flex-grow)}<\/style>\t\t<div class=\"elementor-divider\">\n\t\t\t<span class=\"elementor-divider-separator\">\n\t\t\t\t\t\t<\/span>\n\t\t<\/div>\n\t\t\t\t<\/div>\n\t\t\t\t<\/div>\n\t\t\t\t\t<\/div>\n\t\t<\/div>\n\t\t\t\t\t<\/div>\n\t\t<\/section>\n\t\t\t\t<section class=\"elementor-section elementor-top-section elementor-element elementor-element-157b44a elementor-section-boxed elementor-section-height-default elementor-section-height-default wpr-particle-no wpr-jarallax-no wpr-parallax-no wpr-sticky-section-no\" data-id=\"157b44a\" data-element_type=\"section\" data-settings=\"{&quot;background_background&quot;:&quot;classic&quot;}\">\n\t\t\t\t\t\t<div class=\"elementor-container elementor-column-gap-default\">\n\t\t\t\t\t<div class=\"elementor-column elementor-col-100 elementor-top-column elementor-element elementor-element-7aace96\" data-id=\"7aace96\" data-element_type=\"column\">\n\t\t\t<div class=\"elementor-widget-wrap elementor-element-populated\">\n\t\t\t\t\t\t<div class=\"elementor-element elementor-element-9dfa1be elementor-widget elementor-widget-heading\" data-id=\"9dfa1be\" data-element_type=\"widget\" data-widget_type=\"heading.default\">\n\t\t\t\t<div class=\"elementor-widget-container\">\n\t\t\t<h2 class=\"elementor-heading-title elementor-size-default\">Dijital \u00c7\u00f6z\u00fcm: Stok Takibi Yaz\u0131l\u0131m\u0131<\/h2>\t\t<\/div>\n\t\t\t\t<\/div>\n\t\t\t\t<div class=\"elementor-element elementor-element-7df6393 elementor-widget elementor-widget-heading\" data-id=\"7df6393\" data-element_type=\"widget\" data-widget_type=\"heading.default\">\n\t\t\t\t<div class=\"elementor-widget-container\">\n\t\t\t<h2 class=\"elementor-heading-title elementor-size-default\">Stok Takibi ile Verim Art\u0131\u015f\u0131na Haz\u0131r Olun\n<\/h2>\t\t<\/div>\n\t\t\t\t<\/div>\n\t\t\t\t<div class=\"elementor-element elementor-element-e9631e1 elementor-widget elementor-widget-text-editor\" data-id=\"e9631e1\" data-element_type=\"widget\" data-widget_type=\"text-editor.default\">\n\t\t\t\t<div class=\"elementor-widget-container\">\n\t\t\t\t\t\t\t<h4>Dijital \u00c7a\u011fda Stok Takibi<\/h4><p>Dijital \u00e7a\u011fda, stok takibi yaz\u0131l\u0131m\u0131 i\u015fletmeler i\u00e7in bir gereklilik haline gelmi\u015ftir. Dijitalle\u015fme ve otomasyon, i\u015fletmelerin rekabet g\u00fcc\u00fcn\u00fc art\u0131r\u0131r ve m\u00fc\u015fteri beklentilerini kar\u015f\u0131lamak i\u00e7in gereklidir.<\/p><h4>Internet Sitemiz&#8217;in Stok Takibi Yaz\u0131l\u0131m\u0131 \u00c7\u00f6z\u00fcmleri<\/h4><p>Internet Sitemiz olarak, m\u00fc\u015fterilerimize \u00f6zelle\u015ftirilmi\u015f stok takibi yaz\u0131l\u0131m\u0131 \u00e7\u00f6z\u00fcmleri sunuyoruz. G\u00fc\u00e7l\u00fc bir altyap\u0131ya sahip, kullan\u0131c\u0131 dostu ve \u00f6zelle\u015ftirilebilir bir platform sunarak, m\u00fc\u015fterilerimizin i\u015fletme ihtiya\u00e7lar\u0131na uygun \u00e7\u00f6z\u00fcmler sunuyoruz.<\/p><p>Stok takibi yaz\u0131l\u0131m\u0131, i\u015fletmelerin verimlili\u011fini art\u0131rmak ve maliyetleri azaltmak i\u00e7in \u00f6nemli bir ara\u00e7t\u0131r. Internet Sitemiz&#8217;in g\u00fc\u00e7l\u00fc ve \u00f6zelle\u015ftirilebilir \u00e7\u00f6z\u00fcmleri ile i\u015fletmenizi dijital d\u00fcnyada g\u00fc\u00e7lendirebilir ve rekabet avantaj\u0131 elde edebilirsiniz.<\/p>\t\t\t\t\t\t<\/div>\n\t\t\t\t<\/div>\n\t\t\t\t\t<\/div>\n\t\t<\/div>\n\t\t\t\t\t<\/div>\n\t\t<\/section>\n\t\t\t\t<\/div>","protected":false},"excerpt":{"rendered":"<p>Stok Takibi Yaz\u0131l\u0131m\u0131 Stok Takibi Yaz\u0131l\u0131m\u0131 Dijital Kolayl\u0131k Stok Takibi Yaz\u0131l\u0131m\u0131 Avantajlar\u0131 Stok takibi yaz\u0131l\u0131m\u0131, i\u015fletmelerin envanter y\u00f6netimini optimize etmek ve verimlili\u011fi art\u0131rmak i\u00e7in kullan\u0131lan \u00f6nemli bir ara\u00e7t\u0131r. Bu yaz\u0131l\u0131mlar, stok hareketlerini izlemek, sto\u011fu optimize etmek ve i\u015fletmenin genel performans\u0131n\u0131 iyile\u015ftirmek i\u00e7in \u00e7e\u015fitli \u00f6zellikler sunar. Teknoloji dijital ajans firmam\u0131z, Internet Sitemiz olarak, m\u00fc\u015fterilerimize \u00f6zelle\u015ftirilmi\u015f stok [&hellip;]<\/p>","protected":false},"author":1,"featured_media":1283,"parent":1426,"menu_order":0,"comment_status":"closed","ping_status":"closed","template":"elementor_canvas","meta":{"footnotes":""},"class_list":["post-1301","page","type-page","status-publish","has-post-thumbnail","hentry"],"_links":{"self":[{"href":"https:\/\/www.internetsitemiz.com\/ar\/wp-json\/wp\/v2\/pages\/1301","targetHints":{"allow":["GET"]}}],"collection":[{"href":"https:\/\/www.internetsitemiz.com\/ar\/wp-json\/wp\/v2\/pages"}],"about":[{"href":"https:\/\/www.internetsitemiz.com\/ar\/wp-json\/wp\/v2\/types\/page"}],"author":[{"embeddable":true,"href":"https:\/\/www.internetsitemiz.com\/ar\/wp-json\/wp\/v2\/users\/1"}],"replies":[{"embeddable":true,"href":"https:\/\/www.internetsitemiz.com\/ar\/wp-json\/wp\/v2\/comments?post=1301"}],"version-history":[{"count":11,"href":"https:\/\/www.internetsitemiz.com\/ar\/wp-json\/wp\/v2\/pages\/1301\/revisions"}],"predecessor-version":[{"id":1869,"href":"https:\/\/www.internetsitemiz.com\/ar\/wp-json\/wp\/v2\/pages\/1301\/revisions\/1869"}],"up":[{"embeddable":true,"href":"https:\/\/www.internetsitemiz.com\/ar\/wp-json\/wp\/v2\/pages\/1426"}],"wp:featuredmedia":[{"embeddable":true,"href":"https:\/\/www.internetsitemiz.com\/ar\/wp-json\/wp\/v2\/media\/1283"}],"wp:attachment":[{"href":"https:\/\/www.internetsitemiz.com\/ar\/wp-json\/wp\/v2\/media?parent=1301"}],"curies":[{"name":"wp","href":"https:\/\/api.w.org\/{rel}","templated":true}]}}