{"id":1258,"date":"2024-05-01T13:53:17","date_gmt":"2024-05-01T10:53:17","guid":{"rendered":"https:\/\/elektronikmenu.org\/new\/?page_id=1258"},"modified":"2025-02-11T18:07:12","modified_gmt":"2025-02-11T15:07:12","slug":"mobil-websitesi-tasarimi","status":"publish","type":"page","link":"https:\/\/www.internetsitemiz.com\/ar\/web-tasarimi\/mobil-websitesi-tasarimi\/","title":{"rendered":"\u062a\u0635\u0645\u064a\u0645 \u0645\u0648\u0642\u0639 \u0627\u0644\u062c\u0648\u0627\u0644"},"content":{"rendered":"<div data-elementor-type=\"wp-page\" data-elementor-id=\"1258\" class=\"elementor elementor-1258\">\n\t\t\t\t<div class=\"wpr-parallax-multi-layer\" scalar-speed=\"10\" direction=\"no\" style=\"overflow: hidden;\"><div data-depth=\"0.4\" style-top=\"14%\" style-left=\"55%\" class=\"wpr-parallax-ml-children elementor-repeater-item-471af14\"><img decoding=\"async\" src=\"https:\/\/www.internetsitemiz.com\/wp-content\/uploads\/2023\/04\/rectangle-1.png\"><\/div><div data-depth=\"0.4\" style-top=\"72%\" style-left=\"20%\" class=\"wpr-parallax-ml-children elementor-repeater-item-acf2ce0\"><img decoding=\"async\" src=\"https:\/\/www.internetsitemiz.com\/wp-content\/uploads\/2023\/04\/Polygon-1.png\"><\/div><\/div>\t\t<section class=\"elementor-section elementor-top-section elementor-element elementor-element-eaff33e wpr-parallax-yes elementor-section-boxed elementor-section-height-default elementor-section-height-default wpr-particle-no wpr-jarallax-no wpr-sticky-section-no\" data-id=\"eaff33e\" data-element_type=\"section\" data-settings=\"{&quot;background_background&quot;:&quot;gradient&quot;}\">\n\t\t\t\t\t\t\t<div class=\"elementor-background-overlay\"><\/div>\n\t\t\t\t\t\t\t<div class=\"elementor-container elementor-column-gap-default\">\n\t\t\t\t\t<div class=\"elementor-column elementor-col-100 elementor-top-column elementor-element elementor-element-c932e84\" data-id=\"c932e84\" data-element_type=\"column\">\n\t\t\t<div class=\"elementor-widget-wrap elementor-element-populated\">\n\t\t\t\t\t\t<div class=\"elementor-element elementor-element-c83b07e elementor-widget elementor-widget-heading\" data-id=\"c83b07e\" data-element_type=\"widget\" data-widget_type=\"heading.default\">\n\t\t\t\t<div class=\"elementor-widget-container\">\n\t\t\t<style>\/*! elementor - v3.22.0 - 26-06-2024 *\/\n.elementor-heading-title{padding:0;margin:0;line-height:1}.elementor-widget-heading .elementor-heading-title[class*=elementor-size-]>a{color:inherit;font-size:inherit;line-height:inherit}.elementor-widget-heading .elementor-heading-title.elementor-size-small{font-size:15px}.elementor-widget-heading .elementor-heading-title.elementor-size-medium{font-size:19px}.elementor-widget-heading .elementor-heading-title.elementor-size-large{font-size:29px}.elementor-widget-heading .elementor-heading-title.elementor-size-xl{font-size:39px}.elementor-widget-heading .elementor-heading-title.elementor-size-xxl{font-size:59px}<\/style><h1 class=\"elementor-heading-title elementor-size-default\">Mobil Website Tasar\u0131m\u0131<\/h1>\t\t<\/div>\n\t\t\t\t<\/div>\n\t\t\t\t\t<\/div>\n\t\t<\/div>\n\t\t\t\t\t<\/div>\n\t\t<\/section>\n\t\t\t\t<section class=\"elementor-section elementor-top-section elementor-element elementor-element-97e2d39 elementor-section-boxed elementor-section-height-default elementor-section-height-default wpr-particle-no wpr-jarallax-no wpr-parallax-no wpr-sticky-section-no\" data-id=\"97e2d39\" data-element_type=\"section\">\n\t\t\t\t\t\t<div class=\"elementor-container elementor-column-gap-wide\">\n\t\t\t\t\t<div class=\"elementor-column elementor-col-50 elementor-top-column elementor-element elementor-element-b09a974\" data-id=\"b09a974\" data-element_type=\"column\">\n\t\t\t<div class=\"elementor-widget-wrap elementor-element-populated\">\n\t\t\t\t\t\t<div class=\"elementor-element elementor-element-678f2e8 elementor-widget elementor-widget-image\" data-id=\"678f2e8\" data-element_type=\"widget\" data-widget_type=\"image.default\">\n\t\t\t\t<div class=\"elementor-widget-container\">\n\t\t\t<style>\/*! elementor - v3.22.0 - 26-06-2024 *\/\n.elementor-widget-image{text-align:center}.elementor-widget-image a{display:inline-block}.elementor-widget-image a img[src$=\".svg\"]{width:48px}.elementor-widget-image img{vertical-align:middle;display:inline-block}<\/style>\t\t\t\t\t\t\t\t\t\t<img fetchpriority=\"high\" decoding=\"async\" width=\"932\" height=\"779\" src=\"https:\/\/www.internetsitemiz.com\/wp-content\/uploads\/2023\/04\/Illustration-2.jpg\" class=\"attachment-large size-large wp-image-1098\" alt=\"website tasar\u0131m\u0131\" srcset=\"https:\/\/www.internetsitemiz.com\/wp-content\/uploads\/2023\/04\/Illustration-2.jpg 932w, https:\/\/www.internetsitemiz.com\/wp-content\/uploads\/2023\/04\/Illustration-2-300x251.jpg 300w, https:\/\/www.internetsitemiz.com\/wp-content\/uploads\/2023\/04\/Illustration-2-768x642.jpg 768w\" sizes=\"(max-width: 932px) 100vw, 932px\" \/>\t\t\t\t\t\t\t\t\t\t\t\t\t<\/div>\n\t\t\t\t<\/div>\n\t\t\t\t\t<\/div>\n\t\t<\/div>\n\t\t\t\t<div class=\"elementor-column elementor-col-50 elementor-top-column elementor-element elementor-element-2d358bf\" data-id=\"2d358bf\" data-element_type=\"column\">\n\t\t\t<div class=\"elementor-widget-wrap elementor-element-populated\">\n\t\t\t\t\t\t<div class=\"elementor-element elementor-element-a0aad9d elementor-widget elementor-widget-heading\" data-id=\"a0aad9d\" data-element_type=\"widget\" data-widget_type=\"heading.default\">\n\t\t\t\t<div class=\"elementor-widget-container\">\n\t\t\t<h2 class=\"elementor-heading-title elementor-size-default\">Mobil Websitesi ile Dijital Varl\u0131\u011f\u0131n\u0131z\u0131 Her Yere Ta\u015f\u0131y\u0131n<\/h2>\t\t<\/div>\n\t\t\t\t<\/div>\n\t\t\t\t<div class=\"elementor-element elementor-element-a1e23e5 elementor-widget elementor-widget-heading\" data-id=\"a1e23e5\" data-element_type=\"widget\" data-widget_type=\"heading.default\">\n\t\t\t\t<div class=\"elementor-widget-container\">\n\t\t\t<h2 class=\"elementor-heading-title elementor-size-default\">\u062a\u0635\u0645\u064a\u0645 \u0645\u0648\u0642\u0639 \u0627\u0644\u062c\u0648\u0627\u0644<\/h2>\t\t<\/div>\n\t\t\t\t<\/div>\n\t\t\t\t<div class=\"elementor-element elementor-element-cace139 elementor-widget elementor-widget-text-editor\" data-id=\"cace139\" data-element_type=\"widget\" data-widget_type=\"text-editor.default\">\n\t\t\t\t<div class=\"elementor-widget-container\">\n\t\t\t<style>\/*! elementor - v3.22.0 - 26-06-2024 *\/\n.elementor-widget-text-editor.elementor-drop-cap-view-stacked .elementor-drop-cap{background-color:#69727d;color:#fff}.elementor-widget-text-editor.elementor-drop-cap-view-framed .elementor-drop-cap{color:#69727d;border:3px solid;background-color:transparent}.elementor-widget-text-editor:not(.elementor-drop-cap-view-default) .elementor-drop-cap{margin-top:8px}.elementor-widget-text-editor:not(.elementor-drop-cap-view-default) .elementor-drop-cap-letter{width:1em;height:1em}.elementor-widget-text-editor .elementor-drop-cap{float:left;text-align:center;line-height:1;font-size:50px}.elementor-widget-text-editor .elementor-drop-cap-letter{display:inline-block}<\/style>\t\t\t\t<p>Mobil cihazlar\u0131n kullan\u0131m\u0131 giderek artarken, bir web sitesinin mobil uyumlu olmas\u0131 art\u0131k bir se\u00e7enek de\u011fil, bir gerekliliktir. Mobil websitesi tasar\u0131m\u0131, kullan\u0131c\u0131lar\u0131n herhangi bir cihazdan web sitenize sorunsuz bir \u015fekilde eri\u015fmesini sa\u011flaman\u0131n yan\u0131 s\u0131ra, markan\u0131z\u0131n dijital varl\u0131\u011f\u0131n\u0131 g\u00fc\u00e7lendirmenin \u00f6nemli bir yoludur. Mobil cihazlarda m\u00fckemmel g\u00f6r\u00fcn\u00fcm, h\u0131zl\u0131 y\u00fckleme s\u00fcreleri ve kullan\u0131c\u0131 dostu aray\u00fcz, ba\u015far\u0131l\u0131 bir mobil web sitesi tasar\u0131m\u0131n\u0131n temel bile\u015fenleridir.<\/p><p>\u0130\u015fte mobil websitesi tasar\u0131m\u0131n\u0131n \u00f6nemi ve firmam\u0131z\u0131n sundu\u011fu \u00e7\u00f6z\u00fcmler:<\/p>\t\t\t\t\t\t<\/div>\n\t\t\t\t<\/div>\n\t\t\t\t<div class=\"elementor-element elementor-element-2e0667b wpr-feature-list-left wpr-feature-list-square wpr-feature-list-line-yes elementor-widget elementor-widget-wpr-feature-list\" data-id=\"2e0667b\" data-element_type=\"widget\" data-widget_type=\"wpr-feature-list.default\">\n\t\t\t\t<div class=\"elementor-widget-container\">\n\t\t\t<div class=\"wpr-feature-list-wrap\"><ul class=\"wpr-feature-list\"><li class=\"wpr-feature-list-item elementor-repeater-item-c7e72ad\"><div class=\"wpr-feature-list-icon-wrap\"><span class=\"wpr-feature-list-line\"><\/span><div class=\"wpr-feature-list-icon-inner-wrap\"><i aria-hidden=\"true\" class=\"fas fa-rocket\"><\/i><\/div><\/div><div class=\"wpr-feature-list-content-wrap\"><h2 class=\"wpr-feature-list-title\"><a class=\"wpr-feature-list-url\" target=\"_blank\" rel=\"nofollow\">Mobil Kullan\u0131c\u0131lar \u0130\u00e7in \u00d6ncelikli Tasar\u0131m<\/a><\/h2><p class=\"wpr-feature-list-description\">\nMobil websitesi tasar\u0131m\u0131nda, mobil kullan\u0131c\u0131lar\u0131n ihtiya\u00e7lar\u0131na ve davran\u0131\u015flar\u0131na \u00f6ncelik verilmelidir. Kullan\u0131c\u0131 dostu bir aray\u00fcz, sezgisel gezinme ve h\u0131zl\u0131 eri\u015fim, mobil kullan\u0131c\u0131lar\u0131n web sitenizde keyifli bir deneyim ya\u015famas\u0131n\u0131 sa\u011flar.<\/p><\/div><\/li><li class=\"wpr-feature-list-item elementor-repeater-item-1d535be\"><div class=\"wpr-feature-list-icon-wrap\"><span class=\"wpr-feature-list-line\"><\/span><div class=\"wpr-feature-list-icon-inner-wrap\"><i aria-hidden=\"true\" class=\"far fa-flag\"><\/i><\/div><\/div><div class=\"wpr-feature-list-content-wrap\"><h2 class=\"wpr-feature-list-title\"><a class=\"wpr-feature-list-url\" target=\"_blank\" rel=\"nofollow\">Duyarl\u0131 Tasar\u0131m<\/a><\/h2><p class=\"wpr-feature-list-description\">Duyarl\u0131 tasar\u0131m, web sitesinin farkl\u0131 ekran boyutlar\u0131na otomatik olarak uyum sa\u011flamas\u0131n\u0131 sa\u011flar. Bu, kullan\u0131c\u0131lar\u0131n herhangi bir cihazdan web sitenize eri\u015febilmesini sa\u011flar ve tutarl\u0131 bir deneyim sunar. Ayr\u0131ca, arama motorlar\u0131 da duyarl\u0131 tasar\u0131m\u0131 takdir eder ve mobil uyumlu siteleri daha y\u00fcksek s\u0131ralamalarda g\u00f6sterir.<\/p><\/div><\/li><li class=\"wpr-feature-list-item elementor-repeater-item-f664ce5\"><div class=\"wpr-feature-list-icon-wrap\"><span class=\"wpr-feature-list-line\"><\/span><div class=\"wpr-feature-list-icon-inner-wrap\"><i aria-hidden=\"true\" class=\"fas fa-grip-lines-vertical\"><\/i><\/div><\/div><div class=\"wpr-feature-list-content-wrap\"><h2 class=\"wpr-feature-list-title\"><a class=\"wpr-feature-list-url\" target=\"_blank\" rel=\"nofollow\">H\u0131zl\u0131 Y\u00fckleme S\u00fcreleri<\/a><\/h2><p class=\"wpr-feature-list-description\">Mobil kullan\u0131c\u0131lar genellikle aceleci ve sab\u0131rs\u0131zd\u0131r, bu y\u00fczden h\u0131zl\u0131 y\u00fckleme s\u00fcreleri kritik \u00f6neme sahiptir. Optimize edilmi\u015f g\u00f6rseller, minify edilmi\u015f CSS ve JavaScript dosyalar\u0131 gibi teknikler kullan\u0131larak, mobil web sitenizin y\u00fckleme s\u00fcrelerini optimize edebiliriz.<\/p><\/div><\/li><\/ul><\/div>\t\t<\/div>\n\t\t\t\t<\/div>\n\t\t\t\t\t<\/div>\n\t\t<\/div>\n\t\t\t\t\t<\/div>\n\t\t<\/section>\n\t\t\t\t<section class=\"elementor-section elementor-top-section elementor-element elementor-element-22ddf3d elementor-section-boxed elementor-section-height-default elementor-section-height-default wpr-particle-no wpr-jarallax-no wpr-parallax-no wpr-sticky-section-no\" data-id=\"22ddf3d\" data-element_type=\"section\" data-settings=\"{&quot;background_background&quot;:&quot;classic&quot;}\">\n\t\t\t\t\t\t<div class=\"elementor-container elementor-column-gap-default\">\n\t\t\t\t\t<div class=\"elementor-column elementor-col-100 elementor-top-column elementor-element elementor-element-586e073\" data-id=\"586e073\" data-element_type=\"column\">\n\t\t\t<div class=\"elementor-widget-wrap elementor-element-populated\">\n\t\t\t\t\t\t<div class=\"elementor-element elementor-element-40526e7 elementor-widget elementor-widget-heading\" data-id=\"40526e7\" data-element_type=\"widget\" data-widget_type=\"heading.default\">\n\t\t\t\t<div class=\"elementor-widget-container\">\n\t\t\t<h2 class=\"elementor-heading-title elementor-size-default\">Mobil Websitesi i\u00e7in Uyumlu Tasar\u0131mlar<\/h2>\t\t<\/div>\n\t\t\t\t<\/div>\n\t\t\t\t<div class=\"elementor-element elementor-element-3dde8c4 elementor-widget elementor-widget-heading\" data-id=\"3dde8c4\" data-element_type=\"widget\" data-widget_type=\"heading.default\">\n\t\t\t\t<div class=\"elementor-widget-container\">\n\t\t\t<h2 class=\"elementor-heading-title elementor-size-default\">Mobil Ekrana A\u00e7\u0131lan Dijital D\u00fcnya\n<\/h2>\t\t<\/div>\n\t\t\t\t<\/div>\n\t\t\t\t<div class=\"elementor-element elementor-element-4f927e6 elementor-widget elementor-widget-text-editor\" data-id=\"4f927e6\" data-element_type=\"widget\" data-widget_type=\"text-editor.default\">\n\t\t\t\t<div class=\"elementor-widget-container\">\n\t\t\t\t\t\t\t<p>Mobil web sitenizin dokunmatik ekranlara uygun olmas\u0131 \u00f6nemlidir. Butonlar\u0131n yeterince b\u00fcy\u00fck olmas\u0131, dokunmatik gezinme i\u00e7in optimize edilmi\u015f men\u00fcler ve hedef alanlar\u0131n yanl\u0131\u015fl\u0131kla t\u0131klamalara neden olmamas\u0131 gibi unsurlar, mobil kullan\u0131c\u0131lar\u0131n web sitenizde rahat\u00e7a gezinmesini sa\u011flar.<\/p>\t\t\t\t\t\t<\/div>\n\t\t\t\t<\/div>\n\t\t\t\t\t<\/div>\n\t\t<\/div>\n\t\t\t\t\t<\/div>\n\t\t<\/section>\n\t\t\t\t<section class=\"elementor-section elementor-top-section elementor-element elementor-element-a173e45 elementor-section-boxed elementor-section-height-default elementor-section-height-default wpr-particle-no wpr-jarallax-no wpr-parallax-no wpr-sticky-section-no\" data-id=\"a173e45\" data-element_type=\"section\">\n\t\t\t\t\t\t<div class=\"elementor-container elementor-column-gap-default\">\n\t\t\t\t\t<div class=\"elementor-column elementor-col-100 elementor-top-column elementor-element elementor-element-de6e462\" data-id=\"de6e462\" data-element_type=\"column\">\n\t\t\t<div class=\"elementor-widget-wrap elementor-element-populated\">\n\t\t\t\t\t\t<div class=\"elementor-element elementor-element-58724be elementor-widget-divider--view-line elementor-widget elementor-widget-divider\" data-id=\"58724be\" data-element_type=\"widget\" data-widget_type=\"divider.default\">\n\t\t\t\t<div class=\"elementor-widget-container\">\n\t\t\t<style>\/*! elementor - v3.22.0 - 26-06-2024 *\/\n.elementor-widget-divider{--divider-border-style:none;--divider-border-width:1px;--divider-color:#0c0d0e;--divider-icon-size:20px;--divider-element-spacing:10px;--divider-pattern-height:24px;--divider-pattern-size:20px;--divider-pattern-url:none;--divider-pattern-repeat:repeat-x}.elementor-widget-divider .elementor-divider{display:flex}.elementor-widget-divider .elementor-divider__text{font-size:15px;line-height:1;max-width:95%}.elementor-widget-divider .elementor-divider__element{margin:0 var(--divider-element-spacing);flex-shrink:0}.elementor-widget-divider .elementor-icon{font-size:var(--divider-icon-size)}.elementor-widget-divider .elementor-divider-separator{display:flex;margin:0;direction:ltr}.elementor-widget-divider--view-line_icon .elementor-divider-separator,.elementor-widget-divider--view-line_text .elementor-divider-separator{align-items:center}.elementor-widget-divider--view-line_icon .elementor-divider-separator:after,.elementor-widget-divider--view-line_icon .elementor-divider-separator:before,.elementor-widget-divider--view-line_text .elementor-divider-separator:after,.elementor-widget-divider--view-line_text .elementor-divider-separator:before{display:block;content:\"\";border-block-end:0;flex-grow:1;border-block-start:var(--divider-border-width) var(--divider-border-style) var(--divider-color)}.elementor-widget-divider--element-align-left .elementor-divider .elementor-divider-separator>.elementor-divider__svg:first-of-type{flex-grow:0;flex-shrink:100}.elementor-widget-divider--element-align-left .elementor-divider-separator:before{content:none}.elementor-widget-divider--element-align-left .elementor-divider__element{margin-left:0}.elementor-widget-divider--element-align-right .elementor-divider .elementor-divider-separator>.elementor-divider__svg:last-of-type{flex-grow:0;flex-shrink:100}.elementor-widget-divider--element-align-right .elementor-divider-separator:after{content:none}.elementor-widget-divider--element-align-right .elementor-divider__element{margin-right:0}.elementor-widget-divider--element-align-start .elementor-divider .elementor-divider-separator>.elementor-divider__svg:first-of-type{flex-grow:0;flex-shrink:100}.elementor-widget-divider--element-align-start .elementor-divider-separator:before{content:none}.elementor-widget-divider--element-align-start .elementor-divider__element{margin-inline-start:0}.elementor-widget-divider--element-align-end .elementor-divider .elementor-divider-separator>.elementor-divider__svg:last-of-type{flex-grow:0;flex-shrink:100}.elementor-widget-divider--element-align-end .elementor-divider-separator:after{content:none}.elementor-widget-divider--element-align-end .elementor-divider__element{margin-inline-end:0}.elementor-widget-divider:not(.elementor-widget-divider--view-line_text):not(.elementor-widget-divider--view-line_icon) .elementor-divider-separator{border-block-start:var(--divider-border-width) var(--divider-border-style) var(--divider-color)}.elementor-widget-divider--separator-type-pattern{--divider-border-style:none}.elementor-widget-divider--separator-type-pattern.elementor-widget-divider--view-line .elementor-divider-separator,.elementor-widget-divider--separator-type-pattern:not(.elementor-widget-divider--view-line) .elementor-divider-separator:after,.elementor-widget-divider--separator-type-pattern:not(.elementor-widget-divider--view-line) .elementor-divider-separator:before,.elementor-widget-divider--separator-type-pattern:not([class*=elementor-widget-divider--view]) .elementor-divider-separator{width:100%;min-height:var(--divider-pattern-height);-webkit-mask-size:var(--divider-pattern-size) 100%;mask-size:var(--divider-pattern-size) 100%;-webkit-mask-repeat:var(--divider-pattern-repeat);mask-repeat:var(--divider-pattern-repeat);background-color:var(--divider-color);-webkit-mask-image:var(--divider-pattern-url);mask-image:var(--divider-pattern-url)}.elementor-widget-divider--no-spacing{--divider-pattern-size:auto}.elementor-widget-divider--bg-round{--divider-pattern-repeat:round}.rtl .elementor-widget-divider .elementor-divider__text{direction:rtl}.e-con-inner>.elementor-widget-divider,.e-con>.elementor-widget-divider{width:var(--container-widget-width,100%);--flex-grow:var(--container-widget-flex-grow)}<\/style>\t\t<div class=\"elementor-divider\">\n\t\t\t<span class=\"elementor-divider-separator\">\n\t\t\t\t\t\t<\/span>\n\t\t<\/div>\n\t\t\t\t<\/div>\n\t\t\t\t<\/div>\n\t\t\t\t\t<\/div>\n\t\t<\/div>\n\t\t\t\t\t<\/div>\n\t\t<\/section>\n\t\t\t\t<section class=\"elementor-section elementor-top-section elementor-element elementor-element-157b44a elementor-section-boxed elementor-section-height-default elementor-section-height-default wpr-particle-no wpr-jarallax-no wpr-parallax-no wpr-sticky-section-no\" data-id=\"157b44a\" data-element_type=\"section\" data-settings=\"{&quot;background_background&quot;:&quot;classic&quot;}\">\n\t\t\t\t\t\t<div class=\"elementor-container elementor-column-gap-default\">\n\t\t\t\t\t<div class=\"elementor-column elementor-col-100 elementor-top-column elementor-element elementor-element-7aace96\" data-id=\"7aace96\" data-element_type=\"column\">\n\t\t\t<div class=\"elementor-widget-wrap elementor-element-populated\">\n\t\t\t\t\t\t<div class=\"elementor-element elementor-element-9dfa1be elementor-widget elementor-widget-heading\" data-id=\"9dfa1be\" data-element_type=\"widget\" data-widget_type=\"heading.default\">\n\t\t\t\t<div class=\"elementor-widget-container\">\n\t\t\t<h2 class=\"elementor-heading-title elementor-size-default\">SEO Dostu \u0130\u00e7erik Y\u00f6netimi<\/h2>\t\t<\/div>\n\t\t\t\t<\/div>\n\t\t\t\t<div class=\"elementor-element elementor-element-7df6393 elementor-widget elementor-widget-heading\" data-id=\"7df6393\" data-element_type=\"widget\" data-widget_type=\"heading.default\">\n\t\t\t\t<div class=\"elementor-widget-container\">\n\t\t\t<h2 class=\"elementor-heading-title elementor-size-default\">Mobil web sitenizin SEO Uyumu\n<\/h2>\t\t<\/div>\n\t\t\t\t<\/div>\n\t\t\t\t<div class=\"elementor-element elementor-element-e9631e1 elementor-widget elementor-widget-text-editor\" data-id=\"e9631e1\" data-element_type=\"widget\" data-widget_type=\"text-editor.default\">\n\t\t\t\t<div class=\"elementor-widget-container\">\n\t\t\t\t\t\t\t<p>Mobil web sitenizin SEO uyumlu olmas\u0131, mobil arama sonu\u00e7lar\u0131nda daha iyi performans g\u00f6stermesine yard\u0131mc\u0131 olur. Anahtar kelimelerin do\u011fal bir \u015fekilde i\u00e7eri\u011fe entegre edilmesi, meta a\u00e7\u0131klamalar\u0131n optimize edilmesi ve mobil site haritalar\u0131n\u0131n olu\u015fturulmas\u0131 gibi stratejiler kullanarak, mobil web sitenizin arama motorlar\u0131nda daha iyi s\u0131ralamalarda yer almas\u0131n\u0131 sa\u011flar\u0131z.<\/p><h4>G\u00fcvenilir ve Profesyonel Hizmet<\/h4><p>elektronikmenu.org olarak, mobil websitesi tasar\u0131m\u0131nda uzman\u0131z. Profesyonel bir ekibimiz, mobil web sitenizin ihtiya\u00e7lar\u0131n\u0131 anlayarak, \u00f6zelle\u015ftirilmi\u015f \u00e7\u00f6z\u00fcmler sunar ve markan\u0131z\u0131n dijital varl\u0131\u011f\u0131n\u0131 mobil cihazlarda g\u00fc\u00e7lendirir.<\/p><p>Mobil websitesi tasar\u0131m\u0131, g\u00fcn\u00fcm\u00fczde ba\u015far\u0131l\u0131 bir dijital varolu\u015fun temelini olu\u015fturuyor. Kullan\u0131c\u0131 dostu aray\u00fcz, h\u0131zl\u0131 y\u00fckleme s\u00fcreleri, duyarl\u0131 tasar\u0131m ve SEO uyumlu i\u00e7erik y\u00f6netimi ile, mobil web siteniz potansiyel m\u00fc\u015fterilere ve i\u015f f\u0131rsatlar\u0131na eri\u015fmenizi sa\u011flar.<\/p>\t\t\t\t\t\t<\/div>\n\t\t\t\t<\/div>\n\t\t\t\t\t<\/div>\n\t\t<\/div>\n\t\t\t\t\t<\/div>\n\t\t<\/section>\n\t\t\t\t<\/div>","protected":false},"excerpt":{"rendered":"<p>Mobil Website Tasar\u0131m\u0131 Mobil Websitesi ile Dijital Varl\u0131\u011f\u0131n\u0131z\u0131 Her Yere Ta\u015f\u0131y\u0131n Mobil Websitesi Tasar\u0131m\u0131 Mobil cihazlar\u0131n kullan\u0131m\u0131 giderek artarken, bir web sitesinin mobil uyumlu olmas\u0131 art\u0131k bir se\u00e7enek de\u011fil, bir gerekliliktir. Mobil websitesi tasar\u0131m\u0131, kullan\u0131c\u0131lar\u0131n herhangi bir cihazdan web sitenize sorunsuz bir \u015fekilde eri\u015fmesini sa\u011flaman\u0131n yan\u0131 s\u0131ra, markan\u0131z\u0131n dijital varl\u0131\u011f\u0131n\u0131 g\u00fc\u00e7lendirmenin \u00f6nemli bir yoludur. Mobil [&hellip;]<\/p>","protected":false},"author":1,"featured_media":1255,"parent":1417,"menu_order":0,"comment_status":"closed","ping_status":"closed","template":"elementor_canvas","meta":{"footnotes":""},"class_list":["post-1258","page","type-page","status-publish","has-post-thumbnail","hentry"],"_links":{"self":[{"href":"https:\/\/www.internetsitemiz.com\/ar\/wp-json\/wp\/v2\/pages\/1258","targetHints":{"allow":["GET"]}}],"collection":[{"href":"https:\/\/www.internetsitemiz.com\/ar\/wp-json\/wp\/v2\/pages"}],"about":[{"href":"https:\/\/www.internetsitemiz.com\/ar\/wp-json\/wp\/v2\/types\/page"}],"author":[{"embeddable":true,"href":"https:\/\/www.internetsitemiz.com\/ar\/wp-json\/wp\/v2\/users\/1"}],"replies":[{"embeddable":true,"href":"https:\/\/www.internetsitemiz.com\/ar\/wp-json\/wp\/v2\/comments?post=1258"}],"version-history":[{"count":17,"href":"https:\/\/www.internetsitemiz.com\/ar\/wp-json\/wp\/v2\/pages\/1258\/revisions"}],"predecessor-version":[{"id":1845,"href":"https:\/\/www.internetsitemiz.com\/ar\/wp-json\/wp\/v2\/pages\/1258\/revisions\/1845"}],"up":[{"embeddable":true,"href":"https:\/\/www.internetsitemiz.com\/ar\/wp-json\/wp\/v2\/pages\/1417"}],"wp:featuredmedia":[{"embeddable":true,"href":"https:\/\/www.internetsitemiz.com\/ar\/wp-json\/wp\/v2\/media\/1255"}],"wp:attachment":[{"href":"https:\/\/www.internetsitemiz.com\/ar\/wp-json\/wp\/v2\/media?parent=1258"}],"curies":[{"name":"wp","href":"https:\/\/api.w.org\/{rel}","templated":true}]}}